{"id":1041,"date":"2016-12-04T14:58:45","date_gmt":"2016-12-04T13:58:45","guid":{"rendered":"http:\/\/www.czuns.org\/site\/?page_id=1041"},"modified":"2025-10-26T13:20:53","modified_gmt":"2025-10-26T12:20:53","slug":"video-produkcija","status":"publish","type":"page","link":"https:\/\/www.czuns.org\/en\/video-produkcija\/","title":{"rendered":"Video production"},"content":{"rendered":"<p><div id=\"\" class=\" magee-shortcode magee-row row\"><br \/>\n<div class=\" magee-shortcode magee-column col-md-6\" id=\"\" style=\"text-align:left;\">\n<div id=\"youtube-7tud5b\" class=\"magee-shortcode magee-youtube youtube-video left\"><iframe id=\"player_SFfDton6C5I\" class=\"\" src=\"\/\/www.youtube.com\/embed\/SFfDton6C5I?rel=0&controls=1&loop=1&playlist=SFfDton6C5I&autoplay=1&enablejsapi=1\" frameborder=\"0\" allowfullscreen><\/iframe><\/div>\n<\/div>\n<div class=\" magee-shortcode magee-column col-md-6\" id=\"\" style=\"text-align:left;\">\n<div id=\"youtube-u2z2et\" class=\"magee-shortcode magee-youtube youtube-video left\"><iframe id=\"player_PxXxeGqH0Xc\" class=\"\" src=\"\/\/www.youtube.com\/embed\/PxXxeGqH0Xc?rel=0&controls=1&loop=1&playlist=PxXxeGqH0Xc&autoplay=1&enablejsapi=1\" frameborder=\"0\" allowfullscreen><\/iframe><\/div>\n<\/div>\n<\/div><\/p>\n<p><div id=\"\" class=\" magee-shortcode magee-row row\"><br \/>\n<div class=\" magee-shortcode magee-column col-md-6\" id=\"\" style=\"text-align:left;\">\n<div id=\"youtube-3ce9zp\" class=\"magee-shortcode magee-youtube youtube-video left\"><iframe id=\"player_cZssNavLNLg\" class=\"\" src=\"\/\/www.youtube.com\/embed\/cZssNavLNLg?rel=0&controls=1&loop=1&playlist=cZssNavLNLg&autoplay=1&enablejsapi=1\" frameborder=\"0\" allowfullscreen><\/iframe><\/div>\n<\/div>\n<div class=\" magee-shortcode magee-column col-md-6\" id=\"\" style=\"text-align:left;\">\n<div id=\"youtube-0lxyp0\" class=\"magee-shortcode magee-youtube youtube-video left\"><iframe id=\"player_Fqd2T-Rf2Dw\" class=\"\" src=\"\/\/www.youtube.com\/embed\/Fqd2T-Rf2Dw?rel=0&controls=1&loop=1&playlist=Fqd2T-Rf2Dw&autoplay=1&enablejsapi=1\" frameborder=\"0\" allowfullscreen><\/iframe><\/div>\n<\/div>\n<\/div><br \/>\n<div id=\"\" class=\" magee-shortcode magee-row row\"><br \/>\n<div class=\" magee-shortcode magee-column col-md-6\" id=\"\" style=\"text-align:left;\">\n<div id=\"youtube-ru56g3\" class=\"magee-shortcode magee-youtube youtube-video left\"><iframe id=\"player_zk8sZ98EKqg\" class=\"\" src=\"\/\/www.youtube.com\/embed\/zk8sZ98EKqg?rel=0&controls=1&loop=1&playlist=zk8sZ98EKqg&autoplay=1&enablejsapi=1\" frameborder=\"0\" allowfullscreen><\/iframe><\/div>\n<\/div>\n<div class=\" magee-shortcode magee-column col-md-6\" id=\"\" style=\"text-align:left;\">\n<div id=\"youtube-iuliqs\" class=\"magee-shortcode magee-youtube youtube-video left\"><iframe id=\"player_EjkykyZhDFc\" class=\"\" src=\"\/\/www.youtube.com\/embed\/EjkykyZhDFc?rel=0&controls=1&loop=1&playlist=EjkykyZhDFc&autoplay=1&enablejsapi=1\" frameborder=\"0\" allowfullscreen><\/iframe><\/div>\n<\/div>\n<\/div><br \/>\n<div id=\"\" class=\" magee-shortcode magee-row row\"><br \/>\n<div class=\" magee-shortcode magee-column col-md-6\" id=\"\" style=\"text-align:left;\">\n<div id=\"youtube-k41cy3\" class=\"magee-shortcode magee-youtube youtube-video left\"><iframe id=\"player_wGDxKyNNE1k\" class=\"\" src=\"\/\/www.youtube.com\/embed\/wGDxKyNNE1k?rel=0&controls=1&loop=1&playlist=wGDxKyNNE1k&autoplay=1&enablejsapi=1\" frameborder=\"0\" allowfullscreen><\/iframe><\/div>\n<\/div>\n<div class=\" magee-shortcode magee-column col-md-6\" id=\"\" style=\"text-align:left;\">\n<div id=\"youtube-4ytgbo\" class=\"magee-shortcode magee-youtube youtube-video left\"><iframe id=\"player_LY9LZARgtKY\" class=\"\" src=\"\/\/www.youtube.com\/embed\/LY9LZARgtKY?rel=0&controls=1&loop=1&playlist=LY9LZARgtKY&autoplay=1&enablejsapi=1\" frameborder=\"0\" allowfullscreen><\/iframe><\/div>\n<\/div>\n<\/div><br \/>\n<div id=\"\" class=\" magee-shortcode magee-row row\"><br \/>\n<div class=\" magee-shortcode magee-column col-md-6\" id=\"\" style=\"text-align:left;\">\n<div id=\"youtube-n4smpr\" class=\"magee-shortcode magee-youtube youtube-video left\"><iframe id=\"player_C0RdMR6JzBw\" class=\"\" src=\"\/\/www.youtube.com\/embed\/C0RdMR6JzBw?rel=0&controls=1&loop=1&playlist=C0RdMR6JzBw&autoplay=1&enablejsapi=1\" frameborder=\"0\" allowfullscreen><\/iframe><\/div>\n<\/div>\n<div class=\" magee-shortcode magee-column col-md-6\" id=\"\" style=\"text-align:left;\">\n<div id=\"youtube-iel580\" class=\"magee-shortcode magee-youtube youtube-video left\"><iframe id=\"player_DbKaISYiKBU\" class=\"\" src=\"\/\/www.youtube.com\/embed\/DbKaISYiKBU?rel=0&controls=1&loop=1&playlist=DbKaISYiKBU&autoplay=1&enablejsapi=1\" frameborder=\"0\" allowfullscreen><\/iframe><\/div>\n<\/div>\n<\/div><br \/>\n<div id=\"\" class=\" magee-shortcode magee-row row\"><br \/>\n<div class=\" magee-shortcode magee-column col-md-6\" id=\"\" style=\"text-align:left;\">\n<div id=\"youtube-c9twy1\" class=\"magee-shortcode magee-youtube youtube-video left\"><iframe id=\"player_pu3j4bbKB84\" class=\"\" src=\"\/\/www.youtube.com\/embed\/pu3j4bbKB84?rel=0&controls=1&loop=1&playlist=pu3j4bbKB84&autoplay=1&enablejsapi=1\" frameborder=\"0\" allowfullscreen><\/iframe><\/div>\n<\/div>\n<div class=\" magee-shortcode magee-column col-md-6\" id=\"\" style=\"text-align:left;\">\n<div id=\"youtube-xbwegz\" class=\"magee-shortcode magee-youtube youtube-video left\"><iframe id=\"player_8PvmtI1WhrQ\" class=\"\" src=\"\/\/www.youtube.com\/embed\/8PvmtI1WhrQ?rel=0&controls=1&loop=1&playlist=8PvmtI1WhrQ&autoplay=1&enablejsapi=1\" frameborder=\"0\" allowfullscreen><\/iframe><\/div>\n<\/div>\n<\/div><br \/>\n<div id=\"\" class=\" magee-shortcode magee-row row\"><br \/>\n<div class=\" magee-shortcode magee-column col-md-6\" id=\"\" style=\"text-align:left;\">\n<div id=\"youtube-lh4289\" class=\"magee-shortcode magee-youtube youtube-video left\"><iframe id=\"player_VO3vYD952OU\" class=\"\" src=\"\/\/www.youtube.com\/embed\/VO3vYD952OU?rel=0&controls=1&loop=1&playlist=VO3vYD952OU&autoplay=1&enablejsapi=1\" frameborder=\"0\" allowfullscreen><\/iframe><\/div>\n<\/div>\n<div class=\" magee-shortcode magee-column col-md-6\" id=\"\" style=\"text-align:left;\">\n<div id=\"youtube-u1t5xa\" class=\"magee-shortcode magee-youtube youtube-video left\"><iframe id=\"player_W6psFixQZZg\" class=\"\" src=\"\/\/www.youtube.com\/embed\/W6psFixQZZg?rel=0&controls=1&loop=1&playlist=W6psFixQZZg&autoplay=1&enablejsapi=1\" frameborder=\"0\" allowfullscreen><\/iframe><\/div>\n<\/div>\n<\/div><br \/>\n<div id=\"\" class=\" magee-shortcode magee-row row\"><br \/>\n<div class=\" magee-shortcode magee-column col-md-6\" id=\"\" style=\"text-align:left;\">\n<div id=\"youtube-yroqkb\" class=\"magee-shortcode magee-youtube youtube-video left\"><iframe id=\"player_zotHUrgn_L0\" class=\"\" src=\"\/\/www.youtube.com\/embed\/zotHUrgn_L0?rel=0&controls=1&loop=1&playlist=zotHUrgn_L0&autoplay=1&enablejsapi=1\" frameborder=\"0\" allowfullscreen><\/iframe><\/div>\n<\/div>\n<div class=\" magee-shortcode magee-column col-md-6\" id=\"\" style=\"text-align:left;\">\n<div id=\"youtube-6bqf6e\" class=\"magee-shortcode magee-youtube youtube-video left\"><iframe id=\"player_ItpFatcufhs\" class=\"\" src=\"\/\/www.youtube.com\/embed\/ItpFatcufhs?rel=0&controls=1&loop=1&playlist=ItpFatcufhs&autoplay=1&enablejsapi=1\" frameborder=\"0\" allowfullscreen><\/iframe><\/div>\n<\/div>\n<\/div><br \/>\n<div id=\"\" class=\" magee-shortcode magee-row row\"><br \/>\n<div class=\" magee-shortcode magee-column col-md-6\" id=\"\" style=\"text-align:left;\">\n<div id=\"youtube-av6hs0\" class=\"magee-shortcode magee-youtube youtube-video left\"><iframe id=\"player_eujaU3ek86o\" class=\"\" src=\"\/\/www.youtube.com\/embed\/eujaU3ek86o?rel=0&controls=1&loop=1&playlist=eujaU3ek86o&autoplay=1&enablejsapi=1\" frameborder=\"0\" allowfullscreen><\/iframe><\/div>\n<\/div>\n<div class=\" magee-shortcode magee-column col-md-6\" id=\"\" style=\"text-align:left;\">\n<div id=\"youtube-lv0yzc\" class=\"magee-shortcode magee-youtube youtube-video left\"><iframe id=\"player_4LvqiBYXwsU\" class=\"\" src=\"\/\/www.youtube.com\/embed\/4LvqiBYXwsU?rel=0&controls=1&loop=1&playlist=4LvqiBYXwsU&autoplay=1&enablejsapi=1\" frameborder=\"0\" allowfullscreen><\/iframe><\/div>\n<\/div>\n<\/div><\/p>","protected":false},"excerpt":{"rendered":"<p> <a class=\"continue-reading-link\" href=\"https:\/\/www.czuns.org\/en\/video-produkcija\/\">Ceo \u010dlanak<\/a><\/p>\n","protected":false},"author":1314,"featured_media":0,"parent":0,"menu_order":0,"comment_status":"closed","ping_status":"closed","template":"","meta":{"_eb_attr":"","_crdt_document":"","footnotes":"","_links_to":"","_links_to_target":""},"categories":[],"tags":[],"class_list":["post-1041","page","type-page","status-publish","hentry"],"yoast_head":"\n<title>Video production - Centre LIVING UPRIGHT Novi Sad<\/title>\n<meta name=\"robots\" content=\"index, follow, max-snippet:-1, max-image-preview:large, max-video-preview:-1\" \/>\n<link rel=\"canonical\" href=\"https:\/\/www.czuns.org\/video-produkcija\/\" \/>\n<meta property=\"og:locale\" content=\"en_US\" \/>\n<meta property=\"og:type\" content=\"article\" \/>\n<meta property=\"og:title\" content=\"[:rs]Video produkcija[:en]Video production[:sr]\u0412\u0438\u0434\u0435\u043e \u043f\u0440\u043e\u0434\u0443\u043a\u0446\u0438\u0458\u0430[:] - Centre LIVING UPRIGHT Novi Sad\" \/>\n<meta property=\"og:description\" content=\"Ceo \u010dlanak\" \/>\n<meta property=\"og:url\" content=\"https:\/\/www.czuns.org\/video-produkcija\/\" \/>\n<meta property=\"og:site_name\" content=\"Centre LIVING UPRIGHT Novi Sad\" \/>\n<meta property=\"article:publisher\" content=\"https:\/\/www.facebook.com\/profile.php?id=100064645570972\" \/>\n<meta property=\"article:modified_time\" content=\"2025-10-26T12:20:53+00:00\" \/>\n<meta property=\"og:image\" content=\"https:\/\/www.czuns.org\/wp-content\/uploads\/2020\/02\/logo-jpg-1.jpg\" \/>\n\t<meta property=\"og:image:width\" content=\"249\" \/>\n\t<meta property=\"og:image:height\" content=\"90\" \/>\n\t<meta property=\"og:image:type\" content=\"image\/jpeg\" \/>\n<meta name=\"twitter:card\" content=\"summary_large_image\" \/>\n<meta name=\"twitter:site\" content=\"@uspravno\" \/>\n<meta name=\"twitter:label1\" content=\"Est. reading time\" \/>\n\t<meta name=\"twitter:data1\" content=\"2 minutes\" \/>\n<script type=\"application\/ld+json\" class=\"yoast-schema-graph\">{\"@context\":\"https:\\\/\\\/schema.org\",\"@graph\":[{\"@type\":\"Article\",\"@id\":\"https:\\\/\\\/www.czuns.org\\\/video-produkcija\\\/#article\",\"isPartOf\":{\"@id\":\"https:\\\/\\\/www.czuns.org\\\/video-produkcija\\\/\"},\"author\":{\"name\":\"tatasajta\",\"@id\":\"https:\\\/\\\/www.czuns.org\\\/#\\\/schema\\\/person\\\/9a3e8e6f0bb0b4122d0a6181b3f52add\"},\"headline\":\"Video production\",\"datePublished\":\"2016-12-04T13:58:45+00:00\",\"dateModified\":\"2025-10-26T12:20:53+00:00\",\"mainEntityOfPage\":{\"@id\":\"https:\\\/\\\/www.czuns.org\\\/video-produkcija\\\/\"},\"wordCount\":2303,\"publisher\":{\"@id\":\"https:\\\/\\\/www.czuns.org\\\/#organization\"},\"inLanguage\":\"en-US\"},{\"@type\":\"WebPage\",\"@id\":\"https:\\\/\\\/www.czuns.org\\\/video-produkcija\\\/\",\"url\":\"https:\\\/\\\/www.czuns.org\\\/video-produkcija\\\/\",\"name\":\"[:rs]Video produkcija[:en]Video production[:sr]\u0412\u0438\u0434\u0435\u043e \u043f\u0440\u043e\u0434\u0443\u043a\u0446\u0438\u0458\u0430[:] - Centre LIVING UPRIGHT Novi Sad\",\"isPartOf\":{\"@id\":\"https:\\\/\\\/www.czuns.org\\\/#website\"},\"datePublished\":\"2016-12-04T13:58:45+00:00\",\"dateModified\":\"2025-10-26T12:20:53+00:00\",\"breadcrumb\":{\"@id\":\"https:\\\/\\\/www.czuns.org\\\/video-produkcija\\\/#breadcrumb\"},\"inLanguage\":\"en-US\",\"potentialAction\":[{\"@type\":\"ReadAction\",\"target\":[\"https:\\\/\\\/www.czuns.org\\\/video-produkcija\\\/\"]}]},{\"@type\":\"BreadcrumbList\",\"@id\":\"https:\\\/\\\/www.czuns.org\\\/video-produkcija\\\/#breadcrumb\",\"itemListElement\":[{\"@type\":\"ListItem\",\"position\":1,\"name\":\"\u041f\u043e\u0447\u0435\u0442\u043d\u0430\",\"item\":\"https:\\\/\\\/www.czuns.org\\\/\"},{\"@type\":\"ListItem\",\"position\":2,\"name\":\"Video produkcija\"}]},{\"@type\":\"WebSite\",\"@id\":\"https:\\\/\\\/www.czuns.org\\\/#website\",\"url\":\"https:\\\/\\\/www.czuns.org\\\/\",\"name\":\"Centar \u017diveti uspravno Novi Sad\",\"description\":\"[:rs]Prete\u017ena delatnost Centra je 8899 ostali vidovi socijalne za\u0161tite bez sme\u0161taja[:en] Centre&#039;s registered  predominant activity is 8899: other social services except for accommodation[:sr]\u041f\u0440\u0435\u0442\u0435\u0436\u043d\u0430 \u0434\u0435\u043b\u0430\u0442\u043d\u043e\u0441\u0442 \u0426\u0435\u043d\u0442\u0440\u0430 \u0458\u0435 \u043f\u0440\u043e\u0434\u0443\u043a\u0446\u0438\u0458\u0430 \u043c\u0435\u0434\u0438\u0458\u0441\u043a\u043e\u0433 \u0438 \u0444\u0438\u043b\u043c\u0441\u043a\u043e\u0433 \u043c\u0430\u0442\u0435\u0438\u0458\u0430\u043b\u0430 \u043e \u043f\u043e\u043b\u043e\u0436\u0430\u0458\u0443 \u043e\u0441\u043e\u0431\u0430 \u0441\u0430 \u0438\u043d\u0432\u0430\u043b\u0438\u0434\u0438\u0442\u0435\u0442\u043e\u043c \u0438 \u0433\u0440\u0430\u0452\u0430\u043d\u0441\u043a\u0438\u043c \u043f\u0440\u0430\u0432\u0438\u043c\u0430.[:]\",\"publisher\":{\"@id\":\"https:\\\/\\\/www.czuns.org\\\/#organization\"},\"potentialAction\":[{\"@type\":\"SearchAction\",\"target\":{\"@type\":\"EntryPoint\",\"urlTemplate\":\"https:\\\/\\\/www.czuns.org\\\/?s={search_term_string}\"},\"query-input\":{\"@type\":\"PropertyValueSpecification\",\"valueRequired\":true,\"valueName\":\"search_term_string\"}}],\"inLanguage\":\"en-US\"},{\"@type\":\"Organization\",\"@id\":\"https:\\\/\\\/www.czuns.org\\\/#organization\",\"name\":\"Centar \u017diveti uspravno Novi Sad\",\"url\":\"https:\\\/\\\/www.czuns.org\\\/\",\"logo\":{\"@type\":\"ImageObject\",\"inLanguage\":\"en-US\",\"@id\":\"https:\\\/\\\/www.czuns.org\\\/#\\\/schema\\\/logo\\\/image\\\/\",\"url\":\"https:\\\/\\\/www.czuns.org\\\/wp-content\\\/uploads\\\/2020\\\/07\\\/czu_logo.png\",\"contentUrl\":\"https:\\\/\\\/www.czuns.org\\\/wp-content\\\/uploads\\\/2020\\\/07\\\/czu_logo.png\",\"width\":871,\"height\":315,\"caption\":\"Centar \u017diveti uspravno Novi Sad\"},\"image\":{\"@id\":\"https:\\\/\\\/www.czuns.org\\\/#\\\/schema\\\/logo\\\/image\\\/\"},\"sameAs\":[\"https:\\\/\\\/www.facebook.com\\\/profile.php?id=100064645570972\",\"https:\\\/\\\/x.com\\\/uspravno\",\"https:\\\/\\\/www.instagram.com\\\/centar.ziveti.uspravno\\\/\"]},{\"@type\":\"Person\",\"@id\":\"https:\\\/\\\/www.czuns.org\\\/#\\\/schema\\\/person\\\/9a3e8e6f0bb0b4122d0a6181b3f52add\",\"name\":\"tatasajta\",\"image\":{\"@type\":\"ImageObject\",\"inLanguage\":\"en-US\",\"@id\":\"https:\\\/\\\/secure.gravatar.com\\\/avatar\\\/ce3953cd488f779ad9dc53c408bb7cbfafde3991c16c65601e3aab8e76f6cb2f?s=96&d=mm&r=g\",\"url\":\"https:\\\/\\\/secure.gravatar.com\\\/avatar\\\/ce3953cd488f779ad9dc53c408bb7cbfafde3991c16c65601e3aab8e76f6cb2f?s=96&d=mm&r=g\",\"contentUrl\":\"https:\\\/\\\/secure.gravatar.com\\\/avatar\\\/ce3953cd488f779ad9dc53c408bb7cbfafde3991c16c65601e3aab8e76f6cb2f?s=96&d=mm&r=g\",\"caption\":\"tatasajta\"},\"url\":\"https:\\\/\\\/www.czuns.org\\\/en\\\/author\\\/tatasajta\\\/\"}]}<\/script>\n","yoast_head_json":{"title":"[:rs]Video produkcija[:en]Video production[:sr]\u0412\u0438\u0434\u0435\u043e \u043f\u0440\u043e\u0434\u0443\u043a\u0446\u0438\u0458\u0430[:] - Centre LIVING UPRIGHT Novi Sad","robots":{"index":"index","follow":"follow","max-snippet":"max-snippet:-1","max-image-preview":"max-image-preview:large","max-video-preview":"max-video-preview:-1"},"canonical":"https:\/\/www.czuns.org\/video-produkcija\/","og_locale":"en_US","og_type":"article","og_title":"[:rs]Video produkcija[:en]Video production[:sr]\u0412\u0438\u0434\u0435\u043e \u043f\u0440\u043e\u0434\u0443\u043a\u0446\u0438\u0458\u0430[:] - Centre LIVING UPRIGHT Novi Sad","og_description":"Ceo \u010dlanak","og_url":"https:\/\/www.czuns.org\/video-produkcija\/","og_site_name":"Centre LIVING UPRIGHT Novi Sad","article_publisher":"https:\/\/www.facebook.com\/profile.php?id=100064645570972","article_modified_time":"2025-10-26T12:20:53+00:00","og_image":[{"width":249,"height":90,"url":"https:\/\/www.czuns.org\/wp-content\/uploads\/2020\/02\/logo-jpg-1.jpg","type":"image\/jpeg"}],"twitter_card":"summary_large_image","twitter_site":"@uspravno","twitter_misc":{"Est. reading time":"2 minutes"},"schema":{"@context":"https:\/\/schema.org","@graph":[{"@type":"Article","@id":"https:\/\/www.czuns.org\/video-produkcija\/#article","isPartOf":{"@id":"https:\/\/www.czuns.org\/video-produkcija\/"},"author":{"name":"tatasajta","@id":"https:\/\/www.czuns.org\/#\/schema\/person\/9a3e8e6f0bb0b4122d0a6181b3f52add"},"headline":"Video production","datePublished":"2016-12-04T13:58:45+00:00","dateModified":"2025-10-26T12:20:53+00:00","mainEntityOfPage":{"@id":"https:\/\/www.czuns.org\/video-produkcija\/"},"wordCount":2303,"publisher":{"@id":"https:\/\/www.czuns.org\/#organization"},"inLanguage":"en-US"},{"@type":"WebPage","@id":"https:\/\/www.czuns.org\/video-produkcija\/","url":"https:\/\/www.czuns.org\/video-produkcija\/","name":"[:rs]Video produkcija[:en]Video production[:sr]\u0412\u0438\u0434\u0435\u043e \u043f\u0440\u043e\u0434\u0443\u043a\u0446\u0438\u0458\u0430[:] - Centre LIVING UPRIGHT Novi Sad","isPartOf":{"@id":"https:\/\/www.czuns.org\/#website"},"datePublished":"2016-12-04T13:58:45+00:00","dateModified":"2025-10-26T12:20:53+00:00","breadcrumb":{"@id":"https:\/\/www.czuns.org\/video-produkcija\/#breadcrumb"},"inLanguage":"en-US","potentialAction":[{"@type":"ReadAction","target":["https:\/\/www.czuns.org\/video-produkcija\/"]}]},{"@type":"BreadcrumbList","@id":"https:\/\/www.czuns.org\/video-produkcija\/#breadcrumb","itemListElement":[{"@type":"ListItem","position":1,"name":"\u041f\u043e\u0447\u0435\u0442\u043d\u0430","item":"https:\/\/www.czuns.org\/"},{"@type":"ListItem","position":2,"name":"Video produkcija"}]},{"@type":"WebSite","@id":"https:\/\/www.czuns.org\/#website","url":"https:\/\/www.czuns.org\/","name":"Centar \u017diveti uspravno Novi Sad","description":"[:rs]Prete\u017ena delatnost Centra je 8899 ostali vidovi socijalne za\u0161tite bez sme\u0161taja[:en] Centre&#039;s registered predominant activity is 8899: other social services except for accommodation[:sr]\u041f\u0440\u0435\u0442\u0435\u0436\u043d\u0430 \u0434\u0435\u043b\u0430\u0442\u043d\u043e\u0441\u0442 \u0426\u0435\u043d\u0442\u0440\u0430 \u0458\u0435 \u043f\u0440\u043e\u0434\u0443\u043a\u0446\u0438\u0458\u0430 \u043c\u0435\u0434\u0438\u0458\u0441\u043a\u043e\u0433 \u0438 \u0444\u0438\u043b\u043c\u0441\u043a\u043e\u0433 \u043c\u0430\u0442\u0435\u0438\u0458\u0430\u043b\u0430 \u043e \u043f\u043e\u043b\u043e\u0436\u0430\u0458\u0443 \u043e\u0441\u043e\u0431\u0430 \u0441\u0430 \u0438\u043d\u0432\u0430\u043b\u0438\u0434\u0438\u0442\u0435\u0442\u043e\u043c \u0438 \u0433\u0440\u0430\u0452\u0430\u043d\u0441\u043a\u0438\u043c \u043f\u0440\u0430\u0432\u0438\u043c\u0430.[:]","publisher":{"@id":"https:\/\/www.czuns.org\/#organization"},"potentialAction":[{"@type":"SearchAction","target":{"@type":"EntryPoint","urlTemplate":"https:\/\/www.czuns.org\/?s={search_term_string}"},"query-input":{"@type":"PropertyValueSpecification","valueRequired":true,"valueName":"search_term_string"}}],"inLanguage":"en-US"},{"@type":"Organization","@id":"https:\/\/www.czuns.org\/#organization","name":"Centar \u017diveti uspravno Novi Sad","url":"https:\/\/www.czuns.org\/","logo":{"@type":"ImageObject","inLanguage":"en-US","@id":"https:\/\/www.czuns.org\/#\/schema\/logo\/image\/","url":"https:\/\/www.czuns.org\/wp-content\/uploads\/2020\/07\/czu_logo.png","contentUrl":"https:\/\/www.czuns.org\/wp-content\/uploads\/2020\/07\/czu_logo.png","width":871,"height":315,"caption":"Centar \u017diveti uspravno Novi Sad"},"image":{"@id":"https:\/\/www.czuns.org\/#\/schema\/logo\/image\/"},"sameAs":["https:\/\/www.facebook.com\/profile.php?id=100064645570972","https:\/\/x.com\/uspravno","https:\/\/www.instagram.com\/centar.ziveti.uspravno\/"]},{"@type":"Person","@id":"https:\/\/www.czuns.org\/#\/schema\/person\/9a3e8e6f0bb0b4122d0a6181b3f52add","name":"tatasajta","image":{"@type":"ImageObject","inLanguage":"en-US","@id":"https:\/\/secure.gravatar.com\/avatar\/ce3953cd488f779ad9dc53c408bb7cbfafde3991c16c65601e3aab8e76f6cb2f?s=96&d=mm&r=g","url":"https:\/\/secure.gravatar.com\/avatar\/ce3953cd488f779ad9dc53c408bb7cbfafde3991c16c65601e3aab8e76f6cb2f?s=96&d=mm&r=g","contentUrl":"https:\/\/secure.gravatar.com\/avatar\/ce3953cd488f779ad9dc53c408bb7cbfafde3991c16c65601e3aab8e76f6cb2f?s=96&d=mm&r=g","caption":"tatasajta"},"url":"https:\/\/www.czuns.org\/en\/author\/tatasajta\/"}]}},"_links":{"self":[{"href":"https:\/\/www.czuns.org\/en\/wp-json\/wp\/v2\/pages\/1041","targetHints":{"allow":["GET"]}}],"collection":[{"href":"https:\/\/www.czuns.org\/en\/wp-json\/wp\/v2\/pages"}],"about":[{"href":"https:\/\/www.czuns.org\/en\/wp-json\/wp\/v2\/types\/page"}],"author":[{"embeddable":true,"href":"https:\/\/www.czuns.org\/en\/wp-json\/wp\/v2\/users\/1314"}],"replies":[{"embeddable":true,"href":"https:\/\/www.czuns.org\/en\/wp-json\/wp\/v2\/comments?post=1041"}],"version-history":[{"count":6,"href":"https:\/\/www.czuns.org\/en\/wp-json\/wp\/v2\/pages\/1041\/revisions"}],"predecessor-version":[{"id":10149,"href":"https:\/\/www.czuns.org\/en\/wp-json\/wp\/v2\/pages\/1041\/revisions\/10149"}],"wp:attachment":[{"href":"https:\/\/www.czuns.org\/en\/wp-json\/wp\/v2\/media?parent=1041"}],"wp:term":[{"taxonomy":"category","embeddable":true,"href":"https:\/\/www.czuns.org\/en\/wp-json\/wp\/v2\/categories?post=1041"},{"taxonomy":"post_tag","embeddable":true,"href":"https:\/\/www.czuns.org\/en\/wp-json\/wp\/v2\/tags?post=1041"}],"curies":[{"name":"wp","href":"https:\/\/api.w.org\/{rel}","templated":true}]}}