{"id":1149,"date":"2016-12-05T19:38:36","date_gmt":"2016-12-05T18:38:36","guid":{"rendered":"http:\/\/www.czuns.org\/site\/?page_id=1149"},"modified":"2023-02-28T14:14:39","modified_gmt":"2023-02-28T13:14:39","slug":"istorijat-centra","status":"publish","type":"page","link":"https:\/\/www.czuns.org\/en\/istorijat-centra\/","title":{"rendered":"History of the center"},"content":{"rendered":"<p>proba<div id=\"metaslider-id-1161\" style=\"max-width: 1200px; margin: 0 auto;\" class=\"ml-slider-3-108-0 metaslider metaslider-nivo metaslider-1161 ml-slider ms-theme-default\" role=\"region\" aria-label=\"istorijat\" data-height=\"700\" data-width=\"1200\">\n <div id=\"metaslider_container_1161\">\n <div class='slider-wrapper theme-default'><div class='ribbon'><\/div><div id='metaslider_1161' class='nivoSlider'><\/div><\/div>\n \n <\/div>\n<\/div><\/p>\n<p style=\"text-align: justify; margin-top: 50px;\"><strong>The Centre LIVING UPRIGHT<\/strong><\/p>\n<p style=\"text-align: justify; margin-top: 50px;\">The Centre was founded in 2002. It developed from the counselling centre which was opened by the French organization Handicap International in September 2000.<br \/>\nIt provides personal assistance service and peer support, mediates for people\u2019s interests in the fields of education and employment, carries out researches and co-publish in the domain of the independent living, equality in the public speech, education\u2026<\/p>\n<p style=\"text-align: justify;\"><strong>CENTRE PROGRAMMES AND ACTIVITIES<\/strong><\/p>\n<p>The Programme for the Equality of disabled persons in public speech includes research and publishing work in the field of disability, representation of disabled people in the media and encouragement and piloting of support services that do not exist in Novi Sad. We have initiated the service of organized transport; in July 2009 we have launched the service of personal assistants; we also mediate in providing support in education and employment.<\/p>\n<p>The predominant activity of the Centre is the production of media and film material about the position of disabled people and human rights. From the peer education in the field of disability, protection of rights and health of youth, youth work and training for developing different skills, in 2010 originated the experiential and peer counselling for children and young persons with disabilities, their parents and caretakers.<\/p>\n<p>Between 2007 and 2010 the team for accessibility initiated eleven local action plans and\/or strategies for accessibility in Vojvodina, organized international conferences towards building an environment accessible to all; about accessible tourism; co-organized several conferences about accessible traffic, accessible work places and processes. Within this programme the following have been translated and published: European Concept of Accessibility 2003, 2008 and 2013, International Best Practices in Universal Design; the team took part in the design of several national and international documents and working bodies, and was part of the\u00a0European Concept for Accessibility Network\u00a0from Luxembourg, EIDD (Design for all Europe) founded in Dublin and the Foundation Design for All from Barcelona.<\/p>","protected":false},"excerpt":{"rendered":"<p>proba The Centre LIVING UPRIGHT The Centre was founded in 2002. It developed from the counselling centre which was opened by the French organization Handicap International in September 2000. It provides personal assistance service and peer support, mediates for people\u2019s interests in the fields of education and employment, carries out&#8230; <a class=\"continue-reading-link\" href=\"https:\/\/www.czuns.org\/en\/istorijat-centra\/\">Ceo \u010dlanak<\/a><\/p>\n","protected":false},"author":1314,"featured_media":0,"parent":0,"menu_order":0,"comment_status":"closed","ping_status":"closed","template":"","meta":{"_eb_attr":"","_crdt_document":"","footnotes":"","_links_to":"","_links_to_target":""},"categories":[],"tags":[],"class_list":["post-1149","page","type-page","status-publish","hentry"],"yoast_head":"\n<title>History of the center - Centre LIVING UPRIGHT Novi Sad<\/title>\n<meta name=\"robots\" content=\"index, follow, max-snippet:-1, max-image-preview:large, max-video-preview:-1\" \/>\n<link rel=\"canonical\" href=\"https:\/\/www.czuns.org\/istorijat-centra\/\" \/>\n<meta property=\"og:locale\" content=\"en_US\" \/>\n<meta property=\"og:type\" content=\"article\" \/>\n<meta property=\"og:title\" content=\"[:rs]Istorijat centra[:en]History of the center[:sr]\u0418\u0441\u0442\u043e\u0440\u0438\u0458\u0430\u0442 \u0446\u0435\u043d\u0442\u0440\u0430[:] - Centre LIVING UPRIGHT Novi Sad\" \/>\n<meta property=\"og:description\" content=\"proba The Centre LIVING UPRIGHT The Centre was founded in 2002. It developed from the counselling centre which was opened by the French organization Handicap International in September 2000. It provides personal assistance service and peer support, mediates for people\u2019s interests in the fields of education and employment, carries out... Ceo \u010dlanak\" \/>\n<meta property=\"og:url\" content=\"https:\/\/www.czuns.org\/istorijat-centra\/\" \/>\n<meta property=\"og:site_name\" content=\"Centre LIVING UPRIGHT Novi Sad\" \/>\n<meta property=\"article:publisher\" content=\"https:\/\/www.facebook.com\/profile.php?id=100064645570972\" \/>\n<meta property=\"article:modified_time\" content=\"2023-02-28T13:14:39+00:00\" \/>\n<meta property=\"og:image\" content=\"https:\/\/www.czuns.org\/wp-content\/uploads\/2020\/02\/logo-jpg-1.jpg\" \/>\n\t<meta property=\"og:image:width\" content=\"249\" \/>\n\t<meta property=\"og:image:height\" content=\"90\" \/>\n\t<meta property=\"og:image:type\" content=\"image\/jpeg\" \/>\n<meta name=\"twitter:card\" content=\"summary_large_image\" \/>\n<meta name=\"twitter:site\" content=\"@uspravno\" \/>\n<meta name=\"twitter:label1\" content=\"Est. reading time\" \/>\n\t<meta name=\"twitter:data1\" content=\"3 minutes\" \/>\n<script type=\"application\/ld+json\" class=\"yoast-schema-graph\">{\"@context\":\"https:\\\/\\\/schema.org\",\"@graph\":[{\"@type\":\"Article\",\"@id\":\"https:\\\/\\\/www.czuns.org\\\/istorijat-centra\\\/#article\",\"isPartOf\":{\"@id\":\"https:\\\/\\\/www.czuns.org\\\/istorijat-centra\\\/\"},\"author\":{\"name\":\"tatasajta\",\"@id\":\"https:\\\/\\\/www.czuns.org\\\/#\\\/schema\\\/person\\\/9a3e8e6f0bb0b4122d0a6181b3f52add\"},\"headline\":\"History of the center\",\"datePublished\":\"2016-12-05T18:38:36+00:00\",\"dateModified\":\"2023-02-28T13:14:39+00:00\",\"mainEntityOfPage\":{\"@id\":\"https:\\\/\\\/www.czuns.org\\\/istorijat-centra\\\/\"},\"wordCount\":893,\"publisher\":{\"@id\":\"https:\\\/\\\/www.czuns.org\\\/#organization\"},\"inLanguage\":\"en-US\"},{\"@type\":\"WebPage\",\"@id\":\"https:\\\/\\\/www.czuns.org\\\/istorijat-centra\\\/\",\"url\":\"https:\\\/\\\/www.czuns.org\\\/istorijat-centra\\\/\",\"name\":\"[:rs]Istorijat centra[:en]History of the center[:sr]\u0418\u0441\u0442\u043e\u0440\u0438\u0458\u0430\u0442 \u0446\u0435\u043d\u0442\u0440\u0430[:] - Centre LIVING UPRIGHT Novi Sad\",\"isPartOf\":{\"@id\":\"https:\\\/\\\/www.czuns.org\\\/#website\"},\"datePublished\":\"2016-12-05T18:38:36+00:00\",\"dateModified\":\"2023-02-28T13:14:39+00:00\",\"breadcrumb\":{\"@id\":\"https:\\\/\\\/www.czuns.org\\\/istorijat-centra\\\/#breadcrumb\"},\"inLanguage\":\"en-US\",\"potentialAction\":[{\"@type\":\"ReadAction\",\"target\":[\"https:\\\/\\\/www.czuns.org\\\/istorijat-centra\\\/\"]}]},{\"@type\":\"BreadcrumbList\",\"@id\":\"https:\\\/\\\/www.czuns.org\\\/istorijat-centra\\\/#breadcrumb\",\"itemListElement\":[{\"@type\":\"ListItem\",\"position\":1,\"name\":\"\u041f\u043e\u0447\u0435\u0442\u043d\u0430\",\"item\":\"https:\\\/\\\/www.czuns.org\\\/\"},{\"@type\":\"ListItem\",\"position\":2,\"name\":\"Istorijat centra\"}]},{\"@type\":\"WebSite\",\"@id\":\"https:\\\/\\\/www.czuns.org\\\/#website\",\"url\":\"https:\\\/\\\/www.czuns.org\\\/\",\"name\":\"Centar \u017diveti uspravno Novi Sad\",\"description\":\"[:rs]Prete\u017ena delatnost Centra je 8899 ostali vidovi socijalne za\u0161tite bez sme\u0161taja[:en] Centre&#039;s registered  predominant activity is 8899: other social services except for accommodation[:sr]\u041f\u0440\u0435\u0442\u0435\u0436\u043d\u0430 \u0434\u0435\u043b\u0430\u0442\u043d\u043e\u0441\u0442 \u0426\u0435\u043d\u0442\u0440\u0430 \u0458\u0435 \u043f\u0440\u043e\u0434\u0443\u043a\u0446\u0438\u0458\u0430 \u043c\u0435\u0434\u0438\u0458\u0441\u043a\u043e\u0433 \u0438 \u0444\u0438\u043b\u043c\u0441\u043a\u043e\u0433 \u043c\u0430\u0442\u0435\u0438\u0458\u0430\u043b\u0430 \u043e \u043f\u043e\u043b\u043e\u0436\u0430\u0458\u0443 \u043e\u0441\u043e\u0431\u0430 \u0441\u0430 \u0438\u043d\u0432\u0430\u043b\u0438\u0434\u0438\u0442\u0435\u0442\u043e\u043c \u0438 \u0433\u0440\u0430\u0452\u0430\u043d\u0441\u043a\u0438\u043c \u043f\u0440\u0430\u0432\u0438\u043c\u0430.[:]\",\"publisher\":{\"@id\":\"https:\\\/\\\/www.czuns.org\\\/#organization\"},\"potentialAction\":[{\"@type\":\"SearchAction\",\"target\":{\"@type\":\"EntryPoint\",\"urlTemplate\":\"https:\\\/\\\/www.czuns.org\\\/?s={search_term_string}\"},\"query-input\":{\"@type\":\"PropertyValueSpecification\",\"valueRequired\":true,\"valueName\":\"search_term_string\"}}],\"inLanguage\":\"en-US\"},{\"@type\":\"Organization\",\"@id\":\"https:\\\/\\\/www.czuns.org\\\/#organization\",\"name\":\"Centar \u017diveti uspravno Novi Sad\",\"url\":\"https:\\\/\\\/www.czuns.org\\\/\",\"logo\":{\"@type\":\"ImageObject\",\"inLanguage\":\"en-US\",\"@id\":\"https:\\\/\\\/www.czuns.org\\\/#\\\/schema\\\/logo\\\/image\\\/\",\"url\":\"https:\\\/\\\/www.czuns.org\\\/wp-content\\\/uploads\\\/2020\\\/07\\\/czu_logo.png\",\"contentUrl\":\"https:\\\/\\\/www.czuns.org\\\/wp-content\\\/uploads\\\/2020\\\/07\\\/czu_logo.png\",\"width\":871,\"height\":315,\"caption\":\"Centar \u017diveti uspravno Novi Sad\"},\"image\":{\"@id\":\"https:\\\/\\\/www.czuns.org\\\/#\\\/schema\\\/logo\\\/image\\\/\"},\"sameAs\":[\"https:\\\/\\\/www.facebook.com\\\/profile.php?id=100064645570972\",\"https:\\\/\\\/x.com\\\/uspravno\",\"https:\\\/\\\/www.instagram.com\\\/centar.ziveti.uspravno\\\/\"]},{\"@type\":\"Person\",\"@id\":\"https:\\\/\\\/www.czuns.org\\\/#\\\/schema\\\/person\\\/9a3e8e6f0bb0b4122d0a6181b3f52add\",\"name\":\"tatasajta\",\"image\":{\"@type\":\"ImageObject\",\"inLanguage\":\"en-US\",\"@id\":\"https:\\\/\\\/secure.gravatar.com\\\/avatar\\\/ce3953cd488f779ad9dc53c408bb7cbfafde3991c16c65601e3aab8e76f6cb2f?s=96&d=mm&r=g\",\"url\":\"https:\\\/\\\/secure.gravatar.com\\\/avatar\\\/ce3953cd488f779ad9dc53c408bb7cbfafde3991c16c65601e3aab8e76f6cb2f?s=96&d=mm&r=g\",\"contentUrl\":\"https:\\\/\\\/secure.gravatar.com\\\/avatar\\\/ce3953cd488f779ad9dc53c408bb7cbfafde3991c16c65601e3aab8e76f6cb2f?s=96&d=mm&r=g\",\"caption\":\"tatasajta\"},\"url\":\"https:\\\/\\\/www.czuns.org\\\/en\\\/author\\\/tatasajta\\\/\"}]}<\/script>\n","yoast_head_json":{"title":"[:rs]Istorijat centra[:en]History of the center[:sr]\u0418\u0441\u0442\u043e\u0440\u0438\u0458\u0430\u0442 \u0446\u0435\u043d\u0442\u0440\u0430[:] - Centre LIVING UPRIGHT Novi Sad","robots":{"index":"index","follow":"follow","max-snippet":"max-snippet:-1","max-image-preview":"max-image-preview:large","max-video-preview":"max-video-preview:-1"},"canonical":"https:\/\/www.czuns.org\/istorijat-centra\/","og_locale":"en_US","og_type":"article","og_title":"[:rs]Istorijat centra[:en]History of the center[:sr]\u0418\u0441\u0442\u043e\u0440\u0438\u0458\u0430\u0442 \u0446\u0435\u043d\u0442\u0440\u0430[:] - Centre LIVING UPRIGHT Novi Sad","og_description":"proba The Centre LIVING UPRIGHT The Centre was founded in 2002. It developed from the counselling centre which was opened by the French organization Handicap International in September 2000. It provides personal assistance service and peer support, mediates for people\u2019s interests in the fields of education and employment, carries out... Ceo \u010dlanak","og_url":"https:\/\/www.czuns.org\/istorijat-centra\/","og_site_name":"Centre LIVING UPRIGHT Novi Sad","article_publisher":"https:\/\/www.facebook.com\/profile.php?id=100064645570972","article_modified_time":"2023-02-28T13:14:39+00:00","og_image":[{"width":249,"height":90,"url":"https:\/\/www.czuns.org\/wp-content\/uploads\/2020\/02\/logo-jpg-1.jpg","type":"image\/jpeg"}],"twitter_card":"summary_large_image","twitter_site":"@uspravno","twitter_misc":{"Est. reading time":"3 minutes"},"schema":{"@context":"https:\/\/schema.org","@graph":[{"@type":"Article","@id":"https:\/\/www.czuns.org\/istorijat-centra\/#article","isPartOf":{"@id":"https:\/\/www.czuns.org\/istorijat-centra\/"},"author":{"name":"tatasajta","@id":"https:\/\/www.czuns.org\/#\/schema\/person\/9a3e8e6f0bb0b4122d0a6181b3f52add"},"headline":"History of the center","datePublished":"2016-12-05T18:38:36+00:00","dateModified":"2023-02-28T13:14:39+00:00","mainEntityOfPage":{"@id":"https:\/\/www.czuns.org\/istorijat-centra\/"},"wordCount":893,"publisher":{"@id":"https:\/\/www.czuns.org\/#organization"},"inLanguage":"en-US"},{"@type":"WebPage","@id":"https:\/\/www.czuns.org\/istorijat-centra\/","url":"https:\/\/www.czuns.org\/istorijat-centra\/","name":"[:rs]Istorijat centra[:en]History of the center[:sr]\u0418\u0441\u0442\u043e\u0440\u0438\u0458\u0430\u0442 \u0446\u0435\u043d\u0442\u0440\u0430[:] - Centre LIVING UPRIGHT Novi Sad","isPartOf":{"@id":"https:\/\/www.czuns.org\/#website"},"datePublished":"2016-12-05T18:38:36+00:00","dateModified":"2023-02-28T13:14:39+00:00","breadcrumb":{"@id":"https:\/\/www.czuns.org\/istorijat-centra\/#breadcrumb"},"inLanguage":"en-US","potentialAction":[{"@type":"ReadAction","target":["https:\/\/www.czuns.org\/istorijat-centra\/"]}]},{"@type":"BreadcrumbList","@id":"https:\/\/www.czuns.org\/istorijat-centra\/#breadcrumb","itemListElement":[{"@type":"ListItem","position":1,"name":"\u041f\u043e\u0447\u0435\u0442\u043d\u0430","item":"https:\/\/www.czuns.org\/"},{"@type":"ListItem","position":2,"name":"Istorijat centra"}]},{"@type":"WebSite","@id":"https:\/\/www.czuns.org\/#website","url":"https:\/\/www.czuns.org\/","name":"Centar \u017diveti uspravno Novi Sad","description":"[:rs]Prete\u017ena delatnost Centra je 8899 ostali vidovi socijalne za\u0161tite bez sme\u0161taja[:en] Centre&#039;s registered predominant activity is 8899: other social services except for accommodation[:sr]\u041f\u0440\u0435\u0442\u0435\u0436\u043d\u0430 \u0434\u0435\u043b\u0430\u0442\u043d\u043e\u0441\u0442 \u0426\u0435\u043d\u0442\u0440\u0430 \u0458\u0435 \u043f\u0440\u043e\u0434\u0443\u043a\u0446\u0438\u0458\u0430 \u043c\u0435\u0434\u0438\u0458\u0441\u043a\u043e\u0433 \u0438 \u0444\u0438\u043b\u043c\u0441\u043a\u043e\u0433 \u043c\u0430\u0442\u0435\u0438\u0458\u0430\u043b\u0430 \u043e \u043f\u043e\u043b\u043e\u0436\u0430\u0458\u0443 \u043e\u0441\u043e\u0431\u0430 \u0441\u0430 \u0438\u043d\u0432\u0430\u043b\u0438\u0434\u0438\u0442\u0435\u0442\u043e\u043c \u0438 \u0433\u0440\u0430\u0452\u0430\u043d\u0441\u043a\u0438\u043c \u043f\u0440\u0430\u0432\u0438\u043c\u0430.[:]","publisher":{"@id":"https:\/\/www.czuns.org\/#organization"},"potentialAction":[{"@type":"SearchAction","target":{"@type":"EntryPoint","urlTemplate":"https:\/\/www.czuns.org\/?s={search_term_string}"},"query-input":{"@type":"PropertyValueSpecification","valueRequired":true,"valueName":"search_term_string"}}],"inLanguage":"en-US"},{"@type":"Organization","@id":"https:\/\/www.czuns.org\/#organization","name":"Centar \u017diveti uspravno Novi Sad","url":"https:\/\/www.czuns.org\/","logo":{"@type":"ImageObject","inLanguage":"en-US","@id":"https:\/\/www.czuns.org\/#\/schema\/logo\/image\/","url":"https:\/\/www.czuns.org\/wp-content\/uploads\/2020\/07\/czu_logo.png","contentUrl":"https:\/\/www.czuns.org\/wp-content\/uploads\/2020\/07\/czu_logo.png","width":871,"height":315,"caption":"Centar \u017diveti uspravno Novi Sad"},"image":{"@id":"https:\/\/www.czuns.org\/#\/schema\/logo\/image\/"},"sameAs":["https:\/\/www.facebook.com\/profile.php?id=100064645570972","https:\/\/x.com\/uspravno","https:\/\/www.instagram.com\/centar.ziveti.uspravno\/"]},{"@type":"Person","@id":"https:\/\/www.czuns.org\/#\/schema\/person\/9a3e8e6f0bb0b4122d0a6181b3f52add","name":"tatasajta","image":{"@type":"ImageObject","inLanguage":"en-US","@id":"https:\/\/secure.gravatar.com\/avatar\/ce3953cd488f779ad9dc53c408bb7cbfafde3991c16c65601e3aab8e76f6cb2f?s=96&d=mm&r=g","url":"https:\/\/secure.gravatar.com\/avatar\/ce3953cd488f779ad9dc53c408bb7cbfafde3991c16c65601e3aab8e76f6cb2f?s=96&d=mm&r=g","contentUrl":"https:\/\/secure.gravatar.com\/avatar\/ce3953cd488f779ad9dc53c408bb7cbfafde3991c16c65601e3aab8e76f6cb2f?s=96&d=mm&r=g","caption":"tatasajta"},"url":"https:\/\/www.czuns.org\/en\/author\/tatasajta\/"}]}},"_links":{"self":[{"href":"https:\/\/www.czuns.org\/en\/wp-json\/wp\/v2\/pages\/1149","targetHints":{"allow":["GET"]}}],"collection":[{"href":"https:\/\/www.czuns.org\/en\/wp-json\/wp\/v2\/pages"}],"about":[{"href":"https:\/\/www.czuns.org\/en\/wp-json\/wp\/v2\/types\/page"}],"author":[{"embeddable":true,"href":"https:\/\/www.czuns.org\/en\/wp-json\/wp\/v2\/users\/1314"}],"replies":[{"embeddable":true,"href":"https:\/\/www.czuns.org\/en\/wp-json\/wp\/v2\/comments?post=1149"}],"version-history":[{"count":0,"href":"https:\/\/www.czuns.org\/en\/wp-json\/wp\/v2\/pages\/1149\/revisions"}],"wp:attachment":[{"href":"https:\/\/www.czuns.org\/en\/wp-json\/wp\/v2\/media?parent=1149"}],"wp:term":[{"taxonomy":"category","embeddable":true,"href":"https:\/\/www.czuns.org\/en\/wp-json\/wp\/v2\/categories?post=1149"},{"taxonomy":"post_tag","embeddable":true,"href":"https:\/\/www.czuns.org\/en\/wp-json\/wp\/v2\/tags?post=1149"}],"curies":[{"name":"wp","href":"https:\/\/api.w.org\/{rel}","templated":true}]}}