{"id":141,"date":"2016-12-03T16:09:37","date_gmt":"2016-12-03T15:09:37","guid":{"rendered":"http:\/\/www.czuns.org\/site\/?page_id=141"},"modified":"2026-03-18T18:27:33","modified_gmt":"2026-03-18T17:27:33","slug":"statut-i-interna-dokumenta","status":"publish","type":"page","link":"https:\/\/www.czuns.org\/en\/statut-i-interna-dokumenta\/","title":{"rendered":"Statute and internal documents"},"content":{"rendered":"<p><\/p>\n<div class=\"adress-container\">\n<div class=\"adress-image\"><a href=\"https:\/\/www.czuns.org\/wp-content\/uploads\/2026\/03\/i12-2026-Odluka-o-prestanku-pruzanj\u0430-usluge-PA.pdf\" target=\"_blank\" rel=\"noopener\"><img loading=\"lazy\" decoding=\"async\" class=\"size-full wp-image-41 alignright\" src=\"https:\/\/www.czuns.org\/wp-content\/uploads\/2016\/12\/pdf-document.png\" alt=\"pdf document\" width=\"30\" height=\"30\" \/><\/a><\/div>\n<div class=\"adress-container-text\">Odluka o prestanku pru\u017eanja usluge personalne asistencije<\/div>\n<\/div>\n<div class=\"adress-container\">\n<div class=\"adress-image\"><a href=\"https:\/\/www.czuns.org\/wp-content\/uploads\/2026\/03\/i11-2026-Informator-o-usluzi-personalne-asistencije-za-2026.docx\" target=\"_blank\" rel=\"noopener\"><img loading=\"lazy\" decoding=\"async\" class=\"size-full wp-image-42 alignright\" src=\"https:\/\/www.czuns.org\/wp-content\/uploads\/2016\/12\/word-document.png\" alt=\"word document\" width=\"30\" height=\"30\" \/><\/a><a href=\"https:\/\/www.czuns.org\/wp-content\/uploads\/2026\/03\/i11-2026-Informator-o-usluzi-personalne-asistencije-za-2026.pdf\" target=\"_blank\" rel=\"noopener\"><img loading=\"lazy\" decoding=\"async\" class=\"size-full wp-image-41 alignright\" src=\"https:\/\/www.czuns.org\/wp-content\/uploads\/2016\/12\/pdf-document.png\" alt=\"pdf document\" width=\"30\" height=\"30\" \/><\/a><\/div>\n<div class=\"adress-container-text\">Informator o usluzi personalne asistencije za 2026.<\/div>\n<\/div>\n<div class=\"adress-container\">\n<div class=\"adress-image\"><a href=\"https:\/\/www.czuns.org\/wp-content\/uploads\/2025\/03\/i16-2025-Informator-o-usluzi-personalne-asistencije-za-2025.docx\" target=\"_blank\" rel=\"noopener\"><img loading=\"lazy\" decoding=\"async\" class=\"size-full wp-image-42 alignright\" src=\"https:\/\/www.czuns.org\/wp-content\/uploads\/2016\/12\/word-document.png\" alt=\"word document\" width=\"30\" height=\"30\" \/><\/a><a href=\"https:\/\/www.czuns.org\/wp-content\/uploads\/2025\/03\/i16-2025-Informator-o-usluzi-personalne-asistencije-za-2025.pdf\" target=\"_blank\" rel=\"noopener\"><img loading=\"lazy\" decoding=\"async\" class=\"size-full wp-image-41 alignright\" src=\"https:\/\/www.czuns.org\/wp-content\/uploads\/2016\/12\/pdf-document.png\" alt=\"pdf document\" width=\"30\" height=\"30\" \/><\/a><\/div>\n<div class=\"adress-container-text\">Informator o usluzi personalne asistencije za 2025.<\/div>\n<\/div>\n<div class=\"adress-container\">\n<div class=\"adress-image\"><a href=\"https:\/\/www.czuns.org\/wp-content\/uploads\/2025\/03\/Pravilnik-o-bezbednosti-i-zdravlju-na-radu-revidiran-2024.pdf\" target=\"_blank\" rel=\"noopener\"><img loading=\"lazy\" decoding=\"async\" class=\"size-full wp-image-41 alignright\" src=\"https:\/\/www.czuns.org\/wp-content\/uploads\/2016\/12\/pdf-document.png\" alt=\"pdf document\" width=\"30\" height=\"30\" \/><\/a><\/div>\n<div class=\"adress-container-text\">Pravilnik o bezbednosti i zdravlju na radu Centra \u017dIVETI USPRAVNO &#8211; revidiran 2024<\/div>\n<\/div>\n<div class=\"adress-container\">\n<div class=\"adress-image\"><a href=\"https:\/\/www.czuns.org\/wp-content\/uploads\/2024\/05\/i80-2024-Informator-o-usluzi-PA-za-2024-2.docx\" target=\"_blank\" rel=\"noopener\"><img loading=\"lazy\" decoding=\"async\" class=\"size-full wp-image-42 alignright\" src=\"https:\/\/www.czuns.org\/wp-content\/uploads\/2016\/12\/word-document.png\" alt=\"word document\" width=\"30\" height=\"30\" \/><\/a><a href=\"https:\/\/www.czuns.org\/wp-content\/uploads\/2024\/05\/i80-2024-Informator-o-usluzi-PA-za-2024-2.pdf\" target=\"_blank\" rel=\"noopener\"><img loading=\"lazy\" decoding=\"async\" class=\"size-full wp-image-41 alignright\" src=\"https:\/\/www.czuns.org\/wp-content\/uploads\/2016\/12\/pdf-document.png\" alt=\"pdf document\" width=\"30\" height=\"30\" \/><\/a><\/div>\n<div class=\"adress-container-text\">Informator o usluzi PA za 2024 Centra \u017dIVETI USPRAVNO<\/div>\n<\/div>\n<div class=\"adress-container\">\n<div class=\"adress-image\"><a href=\"https:\/\/www.czuns.org\/wp-content\/uploads\/2024\/04\/i65-2024-STANDARDI-RADA-CENTRA.docx\" target=\"_blank\" rel=\"noopener\"><img loading=\"lazy\" decoding=\"async\" class=\"size-full wp-image-42 alignright\" src=\"https:\/\/www.czuns.org\/wp-content\/uploads\/2016\/12\/word-document.png\" alt=\"word document\" width=\"30\" height=\"30\" \/><\/a><a href=\"https:\/\/www.czuns.org\/wp-content\/uploads\/2024\/04\/i65-2024-STANDARDI-RADA-CENTRA.pdf\" target=\"_blank\" rel=\"noopener\"><img loading=\"lazy\" decoding=\"async\" class=\"size-full wp-image-41 alignright\" src=\"https:\/\/www.czuns.org\/wp-content\/uploads\/2016\/12\/pdf-document.png\" alt=\"pdf document\" width=\"30\" height=\"30\" \/><\/a><\/div>\n<div class=\"adress-container-text\">Standardi rada centra &#8220;\u017dIVETI USPRAVNO&#8221;<\/div>\n<\/div>\n<div class=\"adress-container\">\n<div class=\"adress-image\"><a href=\"https:\/\/www.czuns.org\/wp-content\/uploads\/2024\/04\/i64a-2024-Pravilnik-o-radu-Centra.docx\" target=\"_blank\" rel=\"noopener\"><img loading=\"lazy\" decoding=\"async\" class=\"size-full wp-image-42 alignright\" src=\"https:\/\/www.czuns.org\/wp-content\/uploads\/2016\/12\/word-document.png\" alt=\"word document\" width=\"30\" height=\"30\" \/><\/a><a href=\"https:\/\/www.czuns.org\/wp-content\/uploads\/2024\/04\/i64a-2024-t-Pravilnik-o-radu-Centra.pdf\" target=\"_blank\" rel=\"noopener\"><img loading=\"lazy\" decoding=\"async\" class=\"size-full wp-image-41 alignright\" src=\"https:\/\/www.czuns.org\/wp-content\/uploads\/2016\/12\/pdf-document.png\" alt=\"pdf document\" width=\"30\" height=\"30\" \/><\/a><\/div>\n<div class=\"adress-container-text\">Pravilnik o radu centra &#8220;\u017dIVETI USPRAVNO&#8221;<\/div>\n<\/div>\n<div class=\"adress-container\">\n<div class=\"adress-image\"><a href=\"https:\/\/www.czuns.org\/wp-content\/uploads\/2016\/12\/PRAVILNIK-O-ORGANIZACIJI-I-NA\u010cINU-RADA.docx\" target=\"_blank\" rel=\"noopener\"><img loading=\"lazy\" decoding=\"async\" class=\"size-full wp-image-42 alignright\" src=\"https:\/\/www.czuns.org\/wp-content\/uploads\/2016\/12\/word-document.png\" alt=\"word document\" width=\"30\" height=\"30\" \/><\/a><a href=\"https:\/\/www.czuns.org\/wp-content\/uploads\/2016\/12\/PRAVILNIK-O-ORGANIZACIJI-I-NA\u010cINU-RADA.pdf\" target=\"_blank\" rel=\"noopener\"><img loading=\"lazy\" decoding=\"async\" class=\"size-full wp-image-41 alignright\" src=\"https:\/\/www.czuns.org\/wp-content\/uploads\/2016\/12\/pdf-document.png\" alt=\"pdf document\" width=\"30\" height=\"30\" \/><\/a><\/div>\n<div class=\"adress-container-text\">Pravilnik o organizaciji i na\u010dinu rada centra &#8220;\u017dIVETI USPRAVNO&#8221;<\/div>\n<\/div>\n<div class=\"adress-container\">\n<div class=\"adress-image\"><a href=\"https:\/\/www.czuns.org\/wp-content\/uploads\/2016\/12\/PRAVILNIK_o_bezbednosti_i_zdravlju_na_radu.doc\" target=\"_blank\" rel=\"noopener\"><img loading=\"lazy\" decoding=\"async\" class=\"size-full wp-image-42 alignright\" src=\"https:\/\/www.czuns.org\/wp-content\/uploads\/2016\/12\/word-document.png\" alt=\"word document\" width=\"30\" height=\"30\" \/><\/a><a href=\"https:\/\/www.czuns.org\/wp-content\/uploads\/2016\/12\/PRAVILNIK_o_bezbednosti_i_zdravlju_na_radu.pdf\" target=\"_blank\" rel=\"noopener\"><img loading=\"lazy\" decoding=\"async\" class=\"size-full wp-image-41 alignright\" src=\"https:\/\/www.czuns.org\/wp-content\/uploads\/2016\/12\/pdf-document.png\" alt=\"pdf document\" width=\"30\" height=\"30\" \/><\/a><\/div>\n<div class=\"adress-container-text\">Pravilnik o bezbednosti i zdravlju na radu centra \u201e\u017dIVETI USPRAVNO\u201c<\/div>\n<\/div>\n<div class=\"adress-container\">\n<div class=\"adress-image\"><a href=\"\" target=\"_blank\" rel=\"noopener\"><img loading=\"lazy\" decoding=\"async\" class=\"size-full wp-image-42 alignright\" src=\"https:\/\/www.czuns.org\/wp-content\/uploads\/2016\/12\/word-document.png\" alt=\"word document\" width=\"30\" height=\"30\" \/><\/a><a href=\"https:\/\/www.czuns.org\/wp-content\/uploads\/2016\/12\/Resenje-o-licenci-za-pruanje-usluge-personalne-asistencije-osobama-sa-invaliditetom.pdf\" target=\"_blank\" rel=\"noopener\"><img loading=\"lazy\" decoding=\"async\" class=\"size-full wp-image-41 alignright\" src=\"https:\/\/www.czuns.org\/wp-content\/uploads\/2016\/12\/pdf-document.png\" alt=\"pdf document\" width=\"30\" height=\"30\" \/><\/a><\/div>\n<div class=\"adress-container-text\">Re\u0161enje o licenci za pru\u017eanje usluge personalne asistencije osobama sa invaliditetom<\/div>\n<\/div>\n<div class=\"adress-container\">\n<div class=\"adress-image\"><a href=\"https:\/\/www.czuns.org\/wp-content\/uploads\/2024\/04\/i62a-2024-STATUT-CZU-27.3.2024.docx\" target=\"_blank\" rel=\"noopener\"><img loading=\"lazy\" decoding=\"async\" class=\"size-full wp-image-42 alignright\" src=\"https:\/\/www.czuns.org\/wp-content\/uploads\/2016\/12\/word-document.png\" alt=\"word document\" width=\"30\" height=\"30\" \/><\/a><a href=\"https:\/\/www.czuns.org\/wp-content\/uploads\/2024\/04\/i62a-2024-STATUT-CZU-27.3.2024.pdf\" target=\"_blank\" rel=\"noopener\"><img loading=\"lazy\" decoding=\"async\" class=\"size-full wp-image-41 alignright\" src=\"https:\/\/www.czuns.org\/wp-content\/uploads\/2016\/12\/pdf-document.png\" alt=\"pdf document\" width=\"30\" height=\"30\" \/><\/a><\/div>\n<div class=\"adress-container-text\">Statut centra &#8220;\u017dIVETI USPRAVNO&#8221;<\/div>\n<\/div>\n<div class=\"adress-container\">\n<div class=\"adress-image\"><a href=\"\" target=\"_blank\" rel=\"noopener\"><img loading=\"lazy\" decoding=\"async\" class=\"size-full wp-image-42 alignright\" src=\"https:\/\/www.czuns.org\/wp-content\/uploads\/2016\/12\/word-document.png\" alt=\"word document\" width=\"30\" height=\"30\" \/><\/a><a href=\"https:\/\/www.czuns.org\/wp-content\/uploads\/2016\/12\/Zakljucak-o-ispravci-resenja-za-pruanje-usluge-personalne-asistencije-osobama-sa-invaliditetom.pdf\" target=\"_blank\" rel=\"noopener\"><img loading=\"lazy\" decoding=\"async\" class=\"size-full wp-image-41 alignright\" src=\"https:\/\/www.czuns.org\/wp-content\/uploads\/2016\/12\/pdf-document.png\" alt=\"pdf document\" width=\"30\" height=\"30\" \/><\/a><\/div>\n<div class=\"adress-container-text\">Zaklju\u010dak o ispravci re\u0161enja za pru\u017eanje usluge personalne asistencije osobama sa invaliditetom<\/div>\n<\/div>\n<p><\/p>","protected":false},"excerpt":{"rendered":"<p>Odluka o prestanku pru\u017eanja usluge personalne asistencije Informator o usluzi personalne asistencije za 2026. Informator o usluzi personalne asistencije za 2025. Pravilnik o bezbednosti i zdravlju na radu Centra \u017dIVETI USPRAVNO &#8211; revidiran 2024 Informator o usluzi PA za 2024 Centra \u017dIVETI USPRAVNO Standardi rada centra &#8220;\u017dIVETI USPRAVNO&#8221; Pravilnik o&#8230; <a class=\"continue-reading-link\" href=\"https:\/\/www.czuns.org\/en\/statut-i-interna-dokumenta\/\">Ceo \u010dlanak<\/a><\/p>\n","protected":false},"author":1314,"featured_media":0,"parent":0,"menu_order":0,"comment_status":"closed","ping_status":"closed","template":"","meta":{"_eb_attr":"","_crdt_document":"","footnotes":"","_links_to":"","_links_to_target":""},"categories":[2],"tags":[],"class_list":["post-141","page","type-page","status-publish","hentry","category-novosti"],"yoast_head":"\n<title>Statute and internal documents - Centre LIVING UPRIGHT Novi Sad<\/title>\n<meta name=\"robots\" content=\"index, follow, max-snippet:-1, max-image-preview:large, max-video-preview:-1\" \/>\n<link rel=\"canonical\" href=\"https:\/\/www.czuns.org\/statut-i-interna-dokumenta\/\" \/>\n<meta property=\"og:locale\" content=\"en_US\" \/>\n<meta property=\"og:type\" content=\"article\" \/>\n<meta property=\"og:title\" content=\"[:rs]Statut i interna dokumenta[:en]Statute and internal documents[:sr]\u0421\u0442\u0430\u0442\u0443\u0442 \u0438 \u0438\u043d\u0442\u0435\u0440\u043d\u0430 \u0434\u043e\u043a\u0443\u043c\u0435\u043d\u0442\u0430[:] - Centre LIVING UPRIGHT Novi Sad\" \/>\n<meta property=\"og:description\" content=\"Odluka o prestanku pru\u017eanja usluge personalne asistencije Informator o usluzi personalne asistencije za 2026. Informator o usluzi personalne asistencije za 2025. Pravilnik o bezbednosti i zdravlju na radu Centra \u017dIVETI USPRAVNO &#8211; revidiran 2024 Informator o usluzi PA za 2024 Centra \u017dIVETI USPRAVNO Standardi rada centra &#8220;\u017dIVETI USPRAVNO&#8221; Pravilnik o... Ceo \u010dlanak\" \/>\n<meta property=\"og:url\" content=\"https:\/\/www.czuns.org\/statut-i-interna-dokumenta\/\" \/>\n<meta property=\"og:site_name\" content=\"Centre LIVING UPRIGHT Novi Sad\" \/>\n<meta property=\"article:publisher\" content=\"https:\/\/www.facebook.com\/profile.php?id=100064645570972\" \/>\n<meta property=\"article:modified_time\" content=\"2026-03-18T17:27:33+00:00\" \/>\n<meta property=\"og:image\" content=\"https:\/\/www.czuns.org\/wp-content\/uploads\/2016\/12\/pdf-document.png\" \/>\n\t<meta property=\"og:image:width\" content=\"30\" \/>\n\t<meta property=\"og:image:height\" content=\"30\" \/>\n\t<meta property=\"og:image:type\" content=\"image\/png\" \/>\n<meta name=\"twitter:card\" content=\"summary_large_image\" \/>\n<meta name=\"twitter:site\" content=\"@uspravno\" \/>\n<meta name=\"twitter:label1\" content=\"Est. reading time\" \/>\n\t<meta name=\"twitter:data1\" content=\"12 minutes\" \/>\n<script type=\"application\/ld+json\" class=\"yoast-schema-graph\">{\"@context\":\"https:\\\/\\\/schema.org\",\"@graph\":[{\"@type\":\"Article\",\"@id\":\"https:\\\/\\\/www.czuns.org\\\/statut-i-interna-dokumenta\\\/#article\",\"isPartOf\":{\"@id\":\"https:\\\/\\\/www.czuns.org\\\/statut-i-interna-dokumenta\\\/\"},\"author\":{\"name\":\"tatasajta\",\"@id\":\"https:\\\/\\\/www.czuns.org\\\/#\\\/schema\\\/person\\\/9a3e8e6f0bb0b4122d0a6181b3f52add\"},\"headline\":\"Statute and internal documents\",\"datePublished\":\"2016-12-03T15:09:37+00:00\",\"dateModified\":\"2026-03-18T17:27:33+00:00\",\"mainEntityOfPage\":{\"@id\":\"https:\\\/\\\/www.czuns.org\\\/statut-i-interna-dokumenta\\\/\"},\"wordCount\":270,\"publisher\":{\"@id\":\"https:\\\/\\\/www.czuns.org\\\/#organization\"},\"image\":{\"@id\":\"https:\\\/\\\/www.czuns.org\\\/statut-i-interna-dokumenta\\\/#primaryimage\"},\"thumbnailUrl\":\"https:\\\/\\\/www.czuns.org\\\/wp-content\\\/uploads\\\/2016\\\/12\\\/pdf-document.png\",\"articleSection\":[\"News\"],\"inLanguage\":\"en-US\"},{\"@type\":\"WebPage\",\"@id\":\"https:\\\/\\\/www.czuns.org\\\/statut-i-interna-dokumenta\\\/\",\"url\":\"https:\\\/\\\/www.czuns.org\\\/statut-i-interna-dokumenta\\\/\",\"name\":\"[:rs]Statut i interna dokumenta[:en]Statute and internal documents[:sr]\u0421\u0442\u0430\u0442\u0443\u0442 \u0438 \u0438\u043d\u0442\u0435\u0440\u043d\u0430 \u0434\u043e\u043a\u0443\u043c\u0435\u043d\u0442\u0430[:] - Centre LIVING UPRIGHT Novi Sad\",\"isPartOf\":{\"@id\":\"https:\\\/\\\/www.czuns.org\\\/#website\"},\"primaryImageOfPage\":{\"@id\":\"https:\\\/\\\/www.czuns.org\\\/statut-i-interna-dokumenta\\\/#primaryimage\"},\"image\":{\"@id\":\"https:\\\/\\\/www.czuns.org\\\/statut-i-interna-dokumenta\\\/#primaryimage\"},\"thumbnailUrl\":\"https:\\\/\\\/www.czuns.org\\\/wp-content\\\/uploads\\\/2016\\\/12\\\/pdf-document.png\",\"datePublished\":\"2016-12-03T15:09:37+00:00\",\"dateModified\":\"2026-03-18T17:27:33+00:00\",\"breadcrumb\":{\"@id\":\"https:\\\/\\\/www.czuns.org\\\/statut-i-interna-dokumenta\\\/#breadcrumb\"},\"inLanguage\":\"en-US\",\"potentialAction\":[{\"@type\":\"ReadAction\",\"target\":[\"https:\\\/\\\/www.czuns.org\\\/statut-i-interna-dokumenta\\\/\"]}]},{\"@type\":\"ImageObject\",\"inLanguage\":\"en-US\",\"@id\":\"https:\\\/\\\/www.czuns.org\\\/statut-i-interna-dokumenta\\\/#primaryimage\",\"url\":\"https:\\\/\\\/www.czuns.org\\\/wp-content\\\/uploads\\\/2016\\\/12\\\/pdf-document.png\",\"contentUrl\":\"https:\\\/\\\/www.czuns.org\\\/wp-content\\\/uploads\\\/2016\\\/12\\\/pdf-document.png\"},{\"@type\":\"BreadcrumbList\",\"@id\":\"https:\\\/\\\/www.czuns.org\\\/statut-i-interna-dokumenta\\\/#breadcrumb\",\"itemListElement\":[{\"@type\":\"ListItem\",\"position\":1,\"name\":\"\u041f\u043e\u0447\u0435\u0442\u043d\u0430\",\"item\":\"https:\\\/\\\/www.czuns.org\\\/\"},{\"@type\":\"ListItem\",\"position\":2,\"name\":\"Statut i interna dokumenta\"}]},{\"@type\":\"WebSite\",\"@id\":\"https:\\\/\\\/www.czuns.org\\\/#website\",\"url\":\"https:\\\/\\\/www.czuns.org\\\/\",\"name\":\"Centar \u017diveti uspravno Novi Sad\",\"description\":\"[:rs]Prete\u017ena delatnost Centra je 8899 ostali vidovi socijalne za\u0161tite bez sme\u0161taja[:en] Centre&#039;s registered  predominant activity is 8899: other social services except for accommodation[:sr]\u041f\u0440\u0435\u0442\u0435\u0436\u043d\u0430 \u0434\u0435\u043b\u0430\u0442\u043d\u043e\u0441\u0442 \u0426\u0435\u043d\u0442\u0440\u0430 \u0458\u0435 \u043f\u0440\u043e\u0434\u0443\u043a\u0446\u0438\u0458\u0430 \u043c\u0435\u0434\u0438\u0458\u0441\u043a\u043e\u0433 \u0438 \u0444\u0438\u043b\u043c\u0441\u043a\u043e\u0433 \u043c\u0430\u0442\u0435\u0438\u0458\u0430\u043b\u0430 \u043e \u043f\u043e\u043b\u043e\u0436\u0430\u0458\u0443 \u043e\u0441\u043e\u0431\u0430 \u0441\u0430 \u0438\u043d\u0432\u0430\u043b\u0438\u0434\u0438\u0442\u0435\u0442\u043e\u043c \u0438 \u0433\u0440\u0430\u0452\u0430\u043d\u0441\u043a\u0438\u043c \u043f\u0440\u0430\u0432\u0438\u043c\u0430.[:]\",\"publisher\":{\"@id\":\"https:\\\/\\\/www.czuns.org\\\/#organization\"},\"potentialAction\":[{\"@type\":\"SearchAction\",\"target\":{\"@type\":\"EntryPoint\",\"urlTemplate\":\"https:\\\/\\\/www.czuns.org\\\/?s={search_term_string}\"},\"query-input\":{\"@type\":\"PropertyValueSpecification\",\"valueRequired\":true,\"valueName\":\"search_term_string\"}}],\"inLanguage\":\"en-US\"},{\"@type\":\"Organization\",\"@id\":\"https:\\\/\\\/www.czuns.org\\\/#organization\",\"name\":\"Centar \u017diveti uspravno Novi Sad\",\"url\":\"https:\\\/\\\/www.czuns.org\\\/\",\"logo\":{\"@type\":\"ImageObject\",\"inLanguage\":\"en-US\",\"@id\":\"https:\\\/\\\/www.czuns.org\\\/#\\\/schema\\\/logo\\\/image\\\/\",\"url\":\"https:\\\/\\\/www.czuns.org\\\/wp-content\\\/uploads\\\/2020\\\/07\\\/czu_logo.png\",\"contentUrl\":\"https:\\\/\\\/www.czuns.org\\\/wp-content\\\/uploads\\\/2020\\\/07\\\/czu_logo.png\",\"width\":871,\"height\":315,\"caption\":\"Centar \u017diveti uspravno Novi Sad\"},\"image\":{\"@id\":\"https:\\\/\\\/www.czuns.org\\\/#\\\/schema\\\/logo\\\/image\\\/\"},\"sameAs\":[\"https:\\\/\\\/www.facebook.com\\\/profile.php?id=100064645570972\",\"https:\\\/\\\/x.com\\\/uspravno\",\"https:\\\/\\\/www.instagram.com\\\/centar.ziveti.uspravno\\\/\"]},{\"@type\":\"Person\",\"@id\":\"https:\\\/\\\/www.czuns.org\\\/#\\\/schema\\\/person\\\/9a3e8e6f0bb0b4122d0a6181b3f52add\",\"name\":\"tatasajta\",\"image\":{\"@type\":\"ImageObject\",\"inLanguage\":\"en-US\",\"@id\":\"https:\\\/\\\/secure.gravatar.com\\\/avatar\\\/ce3953cd488f779ad9dc53c408bb7cbfafde3991c16c65601e3aab8e76f6cb2f?s=96&d=mm&r=g\",\"url\":\"https:\\\/\\\/secure.gravatar.com\\\/avatar\\\/ce3953cd488f779ad9dc53c408bb7cbfafde3991c16c65601e3aab8e76f6cb2f?s=96&d=mm&r=g\",\"contentUrl\":\"https:\\\/\\\/secure.gravatar.com\\\/avatar\\\/ce3953cd488f779ad9dc53c408bb7cbfafde3991c16c65601e3aab8e76f6cb2f?s=96&d=mm&r=g\",\"caption\":\"tatasajta\"},\"url\":\"https:\\\/\\\/www.czuns.org\\\/en\\\/author\\\/tatasajta\\\/\"}]}<\/script>\n","yoast_head_json":{"title":"[:rs]Statut i interna dokumenta[:en]Statute and internal documents[:sr]\u0421\u0442\u0430\u0442\u0443\u0442 \u0438 \u0438\u043d\u0442\u0435\u0440\u043d\u0430 \u0434\u043e\u043a\u0443\u043c\u0435\u043d\u0442\u0430[:] - Centre LIVING UPRIGHT Novi Sad","robots":{"index":"index","follow":"follow","max-snippet":"max-snippet:-1","max-image-preview":"max-image-preview:large","max-video-preview":"max-video-preview:-1"},"canonical":"https:\/\/www.czuns.org\/statut-i-interna-dokumenta\/","og_locale":"en_US","og_type":"article","og_title":"[:rs]Statut i interna dokumenta[:en]Statute and internal documents[:sr]\u0421\u0442\u0430\u0442\u0443\u0442 \u0438 \u0438\u043d\u0442\u0435\u0440\u043d\u0430 \u0434\u043e\u043a\u0443\u043c\u0435\u043d\u0442\u0430[:] - Centre LIVING UPRIGHT Novi Sad","og_description":"Odluka o prestanku pru\u017eanja usluge personalne asistencije Informator o usluzi personalne asistencije za 2026. Informator o usluzi personalne asistencije za 2025. Pravilnik o bezbednosti i zdravlju na radu Centra \u017dIVETI USPRAVNO &#8211; revidiran 2024 Informator o usluzi PA za 2024 Centra \u017dIVETI USPRAVNO Standardi rada centra &#8220;\u017dIVETI USPRAVNO&#8221; Pravilnik o... Ceo \u010dlanak","og_url":"https:\/\/www.czuns.org\/statut-i-interna-dokumenta\/","og_site_name":"Centre LIVING UPRIGHT Novi Sad","article_publisher":"https:\/\/www.facebook.com\/profile.php?id=100064645570972","article_modified_time":"2026-03-18T17:27:33+00:00","og_image":[{"width":30,"height":30,"url":"https:\/\/www.czuns.org\/wp-content\/uploads\/2016\/12\/pdf-document.png","type":"image\/png"}],"twitter_card":"summary_large_image","twitter_site":"@uspravno","twitter_misc":{"Est. reading time":"12 minutes"},"schema":{"@context":"https:\/\/schema.org","@graph":[{"@type":"Article","@id":"https:\/\/www.czuns.org\/statut-i-interna-dokumenta\/#article","isPartOf":{"@id":"https:\/\/www.czuns.org\/statut-i-interna-dokumenta\/"},"author":{"name":"tatasajta","@id":"https:\/\/www.czuns.org\/#\/schema\/person\/9a3e8e6f0bb0b4122d0a6181b3f52add"},"headline":"Statute and internal documents","datePublished":"2016-12-03T15:09:37+00:00","dateModified":"2026-03-18T17:27:33+00:00","mainEntityOfPage":{"@id":"https:\/\/www.czuns.org\/statut-i-interna-dokumenta\/"},"wordCount":270,"publisher":{"@id":"https:\/\/www.czuns.org\/#organization"},"image":{"@id":"https:\/\/www.czuns.org\/statut-i-interna-dokumenta\/#primaryimage"},"thumbnailUrl":"https:\/\/www.czuns.org\/wp-content\/uploads\/2016\/12\/pdf-document.png","articleSection":["News"],"inLanguage":"en-US"},{"@type":"WebPage","@id":"https:\/\/www.czuns.org\/statut-i-interna-dokumenta\/","url":"https:\/\/www.czuns.org\/statut-i-interna-dokumenta\/","name":"[:rs]Statut i interna dokumenta[:en]Statute and internal documents[:sr]\u0421\u0442\u0430\u0442\u0443\u0442 \u0438 \u0438\u043d\u0442\u0435\u0440\u043d\u0430 \u0434\u043e\u043a\u0443\u043c\u0435\u043d\u0442\u0430[:] - Centre LIVING UPRIGHT Novi Sad","isPartOf":{"@id":"https:\/\/www.czuns.org\/#website"},"primaryImageOfPage":{"@id":"https:\/\/www.czuns.org\/statut-i-interna-dokumenta\/#primaryimage"},"image":{"@id":"https:\/\/www.czuns.org\/statut-i-interna-dokumenta\/#primaryimage"},"thumbnailUrl":"https:\/\/www.czuns.org\/wp-content\/uploads\/2016\/12\/pdf-document.png","datePublished":"2016-12-03T15:09:37+00:00","dateModified":"2026-03-18T17:27:33+00:00","breadcrumb":{"@id":"https:\/\/www.czuns.org\/statut-i-interna-dokumenta\/#breadcrumb"},"inLanguage":"en-US","potentialAction":[{"@type":"ReadAction","target":["https:\/\/www.czuns.org\/statut-i-interna-dokumenta\/"]}]},{"@type":"ImageObject","inLanguage":"en-US","@id":"https:\/\/www.czuns.org\/statut-i-interna-dokumenta\/#primaryimage","url":"https:\/\/www.czuns.org\/wp-content\/uploads\/2016\/12\/pdf-document.png","contentUrl":"https:\/\/www.czuns.org\/wp-content\/uploads\/2016\/12\/pdf-document.png"},{"@type":"BreadcrumbList","@id":"https:\/\/www.czuns.org\/statut-i-interna-dokumenta\/#breadcrumb","itemListElement":[{"@type":"ListItem","position":1,"name":"\u041f\u043e\u0447\u0435\u0442\u043d\u0430","item":"https:\/\/www.czuns.org\/"},{"@type":"ListItem","position":2,"name":"Statut i interna dokumenta"}]},{"@type":"WebSite","@id":"https:\/\/www.czuns.org\/#website","url":"https:\/\/www.czuns.org\/","name":"Centar \u017diveti uspravno Novi Sad","description":"[:rs]Prete\u017ena delatnost Centra je 8899 ostali vidovi socijalne za\u0161tite bez sme\u0161taja[:en] Centre&#039;s registered predominant activity is 8899: other social services except for accommodation[:sr]\u041f\u0440\u0435\u0442\u0435\u0436\u043d\u0430 \u0434\u0435\u043b\u0430\u0442\u043d\u043e\u0441\u0442 \u0426\u0435\u043d\u0442\u0440\u0430 \u0458\u0435 \u043f\u0440\u043e\u0434\u0443\u043a\u0446\u0438\u0458\u0430 \u043c\u0435\u0434\u0438\u0458\u0441\u043a\u043e\u0433 \u0438 \u0444\u0438\u043b\u043c\u0441\u043a\u043e\u0433 \u043c\u0430\u0442\u0435\u0438\u0458\u0430\u043b\u0430 \u043e \u043f\u043e\u043b\u043e\u0436\u0430\u0458\u0443 \u043e\u0441\u043e\u0431\u0430 \u0441\u0430 \u0438\u043d\u0432\u0430\u043b\u0438\u0434\u0438\u0442\u0435\u0442\u043e\u043c \u0438 \u0433\u0440\u0430\u0452\u0430\u043d\u0441\u043a\u0438\u043c \u043f\u0440\u0430\u0432\u0438\u043c\u0430.[:]","publisher":{"@id":"https:\/\/www.czuns.org\/#organization"},"potentialAction":[{"@type":"SearchAction","target":{"@type":"EntryPoint","urlTemplate":"https:\/\/www.czuns.org\/?s={search_term_string}"},"query-input":{"@type":"PropertyValueSpecification","valueRequired":true,"valueName":"search_term_string"}}],"inLanguage":"en-US"},{"@type":"Organization","@id":"https:\/\/www.czuns.org\/#organization","name":"Centar \u017diveti uspravno Novi Sad","url":"https:\/\/www.czuns.org\/","logo":{"@type":"ImageObject","inLanguage":"en-US","@id":"https:\/\/www.czuns.org\/#\/schema\/logo\/image\/","url":"https:\/\/www.czuns.org\/wp-content\/uploads\/2020\/07\/czu_logo.png","contentUrl":"https:\/\/www.czuns.org\/wp-content\/uploads\/2020\/07\/czu_logo.png","width":871,"height":315,"caption":"Centar \u017diveti uspravno Novi Sad"},"image":{"@id":"https:\/\/www.czuns.org\/#\/schema\/logo\/image\/"},"sameAs":["https:\/\/www.facebook.com\/profile.php?id=100064645570972","https:\/\/x.com\/uspravno","https:\/\/www.instagram.com\/centar.ziveti.uspravno\/"]},{"@type":"Person","@id":"https:\/\/www.czuns.org\/#\/schema\/person\/9a3e8e6f0bb0b4122d0a6181b3f52add","name":"tatasajta","image":{"@type":"ImageObject","inLanguage":"en-US","@id":"https:\/\/secure.gravatar.com\/avatar\/ce3953cd488f779ad9dc53c408bb7cbfafde3991c16c65601e3aab8e76f6cb2f?s=96&d=mm&r=g","url":"https:\/\/secure.gravatar.com\/avatar\/ce3953cd488f779ad9dc53c408bb7cbfafde3991c16c65601e3aab8e76f6cb2f?s=96&d=mm&r=g","contentUrl":"https:\/\/secure.gravatar.com\/avatar\/ce3953cd488f779ad9dc53c408bb7cbfafde3991c16c65601e3aab8e76f6cb2f?s=96&d=mm&r=g","caption":"tatasajta"},"url":"https:\/\/www.czuns.org\/en\/author\/tatasajta\/"}]}},"_links":{"self":[{"href":"https:\/\/www.czuns.org\/en\/wp-json\/wp\/v2\/pages\/141","targetHints":{"allow":["GET"]}}],"collection":[{"href":"https:\/\/www.czuns.org\/en\/wp-json\/wp\/v2\/pages"}],"about":[{"href":"https:\/\/www.czuns.org\/en\/wp-json\/wp\/v2\/types\/page"}],"author":[{"embeddable":true,"href":"https:\/\/www.czuns.org\/en\/wp-json\/wp\/v2\/users\/1314"}],"replies":[{"embeddable":true,"href":"https:\/\/www.czuns.org\/en\/wp-json\/wp\/v2\/comments?post=141"}],"version-history":[{"count":15,"href":"https:\/\/www.czuns.org\/en\/wp-json\/wp\/v2\/pages\/141\/revisions"}],"predecessor-version":[{"id":11758,"href":"https:\/\/www.czuns.org\/en\/wp-json\/wp\/v2\/pages\/141\/revisions\/11758"}],"wp:attachment":[{"href":"https:\/\/www.czuns.org\/en\/wp-json\/wp\/v2\/media?parent=141"}],"wp:term":[{"taxonomy":"category","embeddable":true,"href":"https:\/\/www.czuns.org\/en\/wp-json\/wp\/v2\/categories?post=141"},{"taxonomy":"post_tag","embeddable":true,"href":"https:\/\/www.czuns.org\/en\/wp-json\/wp\/v2\/tags?post=141"}],"curies":[{"name":"wp","href":"https:\/\/api.w.org\/{rel}","templated":true}]}}