{"id":1576,"date":"2016-12-24T22:42:20","date_gmt":"2016-12-24T21:42:20","guid":{"rendered":"http:\/\/www.czuns.org\/?page_id=1576"},"modified":"2025-08-25T12:07:20","modified_gmt":"2025-08-25T10:07:20","slug":"iskustvena-podrska","status":"publish","type":"page","link":"https:\/\/www.czuns.org\/en\/iskustvena-podrska\/","title":{"rendered":"Peer counseling"},"content":{"rendered":"<p><\/p>\n<div class=\"adress-container\">\n<div class=\"adress-image\"><a href=\"http:\/\/www.czuns.org\/wp-content\/uploads\/2016\/12\/O-VRSNJACKOM-SAVETOVALISTU-I-ISKUSTVENOJ-PODRSCI.pptx\"> target=&#8221;_blank&#8221;><img loading=\"lazy\" decoding=\"async\" src=\"http:\/\/www.czuns.org\/wp-content\/uploads\/2016\/12\/ppt.png\" alt=\"\" width=\"30\" height=\"30\" class=\"alignright size-full wp-image-1585\" \/><\/a><\/div>\n<div class=\"adress-container-text\">On clu peer counseling centre<\/div>\n<\/div>\n<div class=\"adress-container\">\n<div class=\"adress-image\"><a href=\"http:\/\/www.czuns.org\/wp-content\/uploads\/2016\/12\/Guidelines-to-peer-counselors-1.docx\" target=\"_blank\" rel=\"noopener noreferrer\"><img loading=\"lazy\" decoding=\"async\" class=\"size-full wp-image-42 alignright\" src=\"http:\/\/www.czuns.org\/wp-content\/uploads\/2016\/12\/word-document.png\" alt=\"word document\" width=\"30\" height=\"30\" \/><\/a><\/div>\n<div class=\"adress-container-text\">Guidelines to peer counselors<\/div>\n<\/div>\n<p><\/p>","protected":false},"excerpt":{"rendered":"<p>target=&#8221;_blank&#8221;> On clu peer counseling centre Guidelines to peer counselors <a class=\"continue-reading-link\" href=\"https:\/\/www.czuns.org\/en\/iskustvena-podrska\/\">Ceo \u010dlanak<\/a><\/p>\n","protected":false},"author":3,"featured_media":0,"parent":0,"menu_order":0,"comment_status":"closed","ping_status":"closed","template":"","meta":{"_eb_attr":"","_crdt_document":"","footnotes":"","_links_to":"","_links_to_target":""},"categories":[116],"tags":[],"class_list":["post-1576","page","type-page","status-publish","hentry","category-edukativni-kutak"],"yoast_head":"\n<title>Peer counseling - Centre LIVING UPRIGHT Novi Sad<\/title>\n<meta name=\"robots\" content=\"index, follow, max-snippet:-1, max-image-preview:large, max-video-preview:-1\" \/>\n<link rel=\"canonical\" href=\"https:\/\/www.czuns.org\/iskustvena-podrska\/\" \/>\n<meta property=\"og:locale\" content=\"en_US\" \/>\n<meta property=\"og:type\" content=\"article\" \/>\n<meta property=\"og:title\" content=\"[:rs]Iskustvena podr\u0161ka[:en]Peer counseling[:sr]\u0418\u0441\u043a\u0443\u0441\u0442\u0432\u0435\u043d\u0430 \u043f\u043e\u0434\u0440\u0448\u043a\u0430[:] - Centre LIVING UPRIGHT Novi Sad\" \/>\n<meta property=\"og:description\" content=\"target=&#8221;_blank&#8221;&gt; On clu peer counseling centre Guidelines to peer counselors Ceo \u010dlanak\" \/>\n<meta property=\"og:url\" content=\"https:\/\/www.czuns.org\/iskustvena-podrska\/\" \/>\n<meta property=\"og:site_name\" content=\"Centre LIVING UPRIGHT Novi Sad\" \/>\n<meta property=\"article:publisher\" content=\"https:\/\/www.facebook.com\/profile.php?id=100064645570972\" \/>\n<meta property=\"article:modified_time\" content=\"2025-08-25T10:07:20+00:00\" \/>\n<meta property=\"og:image\" content=\"https:\/\/www.czuns.org\/wp-content\/uploads\/2020\/02\/logo-jpg-1.jpg\" \/>\n\t<meta property=\"og:image:width\" content=\"249\" \/>\n\t<meta property=\"og:image:height\" content=\"90\" \/>\n\t<meta property=\"og:image:type\" content=\"image\/jpeg\" \/>\n<meta name=\"twitter:card\" content=\"summary_large_image\" \/>\n<meta name=\"twitter:site\" content=\"@uspravno\" \/>\n<meta name=\"twitter:label1\" content=\"Est. reading time\" \/>\n\t<meta name=\"twitter:data1\" content=\"1 minute\" \/>\n<script type=\"application\/ld+json\" class=\"yoast-schema-graph\">{\"@context\":\"https:\\\/\\\/schema.org\",\"@graph\":[{\"@type\":\"Article\",\"@id\":\"https:\\\/\\\/www.czuns.org\\\/iskustvena-podrska\\\/#article\",\"isPartOf\":{\"@id\":\"https:\\\/\\\/www.czuns.org\\\/iskustvena-podrska\\\/\"},\"author\":{\"name\":\"czuns\",\"@id\":\"https:\\\/\\\/www.czuns.org\\\/#\\\/schema\\\/person\\\/e6a524dac9abf6dbe2a6d72ba935ba16\"},\"headline\":\"Peer counseling\",\"datePublished\":\"2016-12-24T21:42:20+00:00\",\"dateModified\":\"2025-08-25T10:07:20+00:00\",\"mainEntityOfPage\":{\"@id\":\"https:\\\/\\\/www.czuns.org\\\/iskustvena-podrska\\\/\"},\"wordCount\":46,\"publisher\":{\"@id\":\"https:\\\/\\\/www.czuns.org\\\/#organization\"},\"image\":{\"@id\":\"https:\\\/\\\/www.czuns.org\\\/iskustvena-podrska\\\/#primaryimage\"},\"thumbnailUrl\":\"http:\\\/\\\/www.czuns.org\\\/wp-content\\\/uploads\\\/2016\\\/12\\\/ppt.png\",\"articleSection\":[\"Edukacija\"],\"inLanguage\":\"en-US\"},{\"@type\":\"WebPage\",\"@id\":\"https:\\\/\\\/www.czuns.org\\\/iskustvena-podrska\\\/\",\"url\":\"https:\\\/\\\/www.czuns.org\\\/iskustvena-podrska\\\/\",\"name\":\"[:rs]Iskustvena podr\u0161ka[:en]Peer counseling[:sr]\u0418\u0441\u043a\u0443\u0441\u0442\u0432\u0435\u043d\u0430 \u043f\u043e\u0434\u0440\u0448\u043a\u0430[:] - Centre LIVING UPRIGHT Novi Sad\",\"isPartOf\":{\"@id\":\"https:\\\/\\\/www.czuns.org\\\/#website\"},\"primaryImageOfPage\":{\"@id\":\"https:\\\/\\\/www.czuns.org\\\/iskustvena-podrska\\\/#primaryimage\"},\"image\":{\"@id\":\"https:\\\/\\\/www.czuns.org\\\/iskustvena-podrska\\\/#primaryimage\"},\"thumbnailUrl\":\"http:\\\/\\\/www.czuns.org\\\/wp-content\\\/uploads\\\/2016\\\/12\\\/ppt.png\",\"datePublished\":\"2016-12-24T21:42:20+00:00\",\"dateModified\":\"2025-08-25T10:07:20+00:00\",\"breadcrumb\":{\"@id\":\"https:\\\/\\\/www.czuns.org\\\/iskustvena-podrska\\\/#breadcrumb\"},\"inLanguage\":\"en-US\",\"potentialAction\":[{\"@type\":\"ReadAction\",\"target\":[\"https:\\\/\\\/www.czuns.org\\\/iskustvena-podrska\\\/\"]}]},{\"@type\":\"ImageObject\",\"inLanguage\":\"en-US\",\"@id\":\"https:\\\/\\\/www.czuns.org\\\/iskustvena-podrska\\\/#primaryimage\",\"url\":\"http:\\\/\\\/www.czuns.org\\\/wp-content\\\/uploads\\\/2016\\\/12\\\/ppt.png\",\"contentUrl\":\"http:\\\/\\\/www.czuns.org\\\/wp-content\\\/uploads\\\/2016\\\/12\\\/ppt.png\"},{\"@type\":\"BreadcrumbList\",\"@id\":\"https:\\\/\\\/www.czuns.org\\\/iskustvena-podrska\\\/#breadcrumb\",\"itemListElement\":[{\"@type\":\"ListItem\",\"position\":1,\"name\":\"\u041f\u043e\u0447\u0435\u0442\u043d\u0430\",\"item\":\"https:\\\/\\\/www.czuns.org\\\/\"},{\"@type\":\"ListItem\",\"position\":2,\"name\":\"Iskustvena podr\u0161ka\"}]},{\"@type\":\"WebSite\",\"@id\":\"https:\\\/\\\/www.czuns.org\\\/#website\",\"url\":\"https:\\\/\\\/www.czuns.org\\\/\",\"name\":\"Centar \u017diveti uspravno Novi Sad\",\"description\":\"[:rs]Prete\u017ena delatnost Centra je 8899 ostali vidovi socijalne za\u0161tite bez sme\u0161taja[:en] Centre&#039;s registered  predominant activity is 8899: other social services except for accommodation[:sr]\u041f\u0440\u0435\u0442\u0435\u0436\u043d\u0430 \u0434\u0435\u043b\u0430\u0442\u043d\u043e\u0441\u0442 \u0426\u0435\u043d\u0442\u0440\u0430 \u0458\u0435 \u043f\u0440\u043e\u0434\u0443\u043a\u0446\u0438\u0458\u0430 \u043c\u0435\u0434\u0438\u0458\u0441\u043a\u043e\u0433 \u0438 \u0444\u0438\u043b\u043c\u0441\u043a\u043e\u0433 \u043c\u0430\u0442\u0435\u0438\u0458\u0430\u043b\u0430 \u043e \u043f\u043e\u043b\u043e\u0436\u0430\u0458\u0443 \u043e\u0441\u043e\u0431\u0430 \u0441\u0430 \u0438\u043d\u0432\u0430\u043b\u0438\u0434\u0438\u0442\u0435\u0442\u043e\u043c \u0438 \u0433\u0440\u0430\u0452\u0430\u043d\u0441\u043a\u0438\u043c \u043f\u0440\u0430\u0432\u0438\u043c\u0430.[:]\",\"publisher\":{\"@id\":\"https:\\\/\\\/www.czuns.org\\\/#organization\"},\"potentialAction\":[{\"@type\":\"SearchAction\",\"target\":{\"@type\":\"EntryPoint\",\"urlTemplate\":\"https:\\\/\\\/www.czuns.org\\\/?s={search_term_string}\"},\"query-input\":{\"@type\":\"PropertyValueSpecification\",\"valueRequired\":true,\"valueName\":\"search_term_string\"}}],\"inLanguage\":\"en-US\"},{\"@type\":\"Organization\",\"@id\":\"https:\\\/\\\/www.czuns.org\\\/#organization\",\"name\":\"Centar \u017diveti uspravno Novi Sad\",\"url\":\"https:\\\/\\\/www.czuns.org\\\/\",\"logo\":{\"@type\":\"ImageObject\",\"inLanguage\":\"en-US\",\"@id\":\"https:\\\/\\\/www.czuns.org\\\/#\\\/schema\\\/logo\\\/image\\\/\",\"url\":\"https:\\\/\\\/www.czuns.org\\\/wp-content\\\/uploads\\\/2020\\\/07\\\/czu_logo.png\",\"contentUrl\":\"https:\\\/\\\/www.czuns.org\\\/wp-content\\\/uploads\\\/2020\\\/07\\\/czu_logo.png\",\"width\":871,\"height\":315,\"caption\":\"Centar \u017diveti uspravno Novi Sad\"},\"image\":{\"@id\":\"https:\\\/\\\/www.czuns.org\\\/#\\\/schema\\\/logo\\\/image\\\/\"},\"sameAs\":[\"https:\\\/\\\/www.facebook.com\\\/profile.php?id=100064645570972\",\"https:\\\/\\\/x.com\\\/uspravno\",\"https:\\\/\\\/www.instagram.com\\\/centar.ziveti.uspravno\\\/\"]},{\"@type\":\"Person\",\"@id\":\"https:\\\/\\\/www.czuns.org\\\/#\\\/schema\\\/person\\\/e6a524dac9abf6dbe2a6d72ba935ba16\",\"name\":\"czuns\",\"image\":{\"@type\":\"ImageObject\",\"inLanguage\":\"en-US\",\"@id\":\"https:\\\/\\\/secure.gravatar.com\\\/avatar\\\/253f19539fa3a351c7d26815ac9fea49906610392f33e3508931d1c6d3f19d6d?s=96&d=mm&r=g\",\"url\":\"https:\\\/\\\/secure.gravatar.com\\\/avatar\\\/253f19539fa3a351c7d26815ac9fea49906610392f33e3508931d1c6d3f19d6d?s=96&d=mm&r=g\",\"contentUrl\":\"https:\\\/\\\/secure.gravatar.com\\\/avatar\\\/253f19539fa3a351c7d26815ac9fea49906610392f33e3508931d1c6d3f19d6d?s=96&d=mm&r=g\",\"caption\":\"czuns\"},\"url\":\"https:\\\/\\\/www.czuns.org\\\/en\\\/author\\\/czuns\\\/\"}]}<\/script>\n","yoast_head_json":{"title":"[:rs]Iskustvena podr\u0161ka[:en]Peer counseling[:sr]\u0418\u0441\u043a\u0443\u0441\u0442\u0432\u0435\u043d\u0430 \u043f\u043e\u0434\u0440\u0448\u043a\u0430[:] - Centre LIVING UPRIGHT Novi Sad","robots":{"index":"index","follow":"follow","max-snippet":"max-snippet:-1","max-image-preview":"max-image-preview:large","max-video-preview":"max-video-preview:-1"},"canonical":"https:\/\/www.czuns.org\/iskustvena-podrska\/","og_locale":"en_US","og_type":"article","og_title":"[:rs]Iskustvena podr\u0161ka[:en]Peer counseling[:sr]\u0418\u0441\u043a\u0443\u0441\u0442\u0432\u0435\u043d\u0430 \u043f\u043e\u0434\u0440\u0448\u043a\u0430[:] - Centre LIVING UPRIGHT Novi Sad","og_description":"target=&#8221;_blank&#8221;> On clu peer counseling centre Guidelines to peer counselors Ceo \u010dlanak","og_url":"https:\/\/www.czuns.org\/iskustvena-podrska\/","og_site_name":"Centre LIVING UPRIGHT Novi Sad","article_publisher":"https:\/\/www.facebook.com\/profile.php?id=100064645570972","article_modified_time":"2025-08-25T10:07:20+00:00","og_image":[{"width":249,"height":90,"url":"https:\/\/www.czuns.org\/wp-content\/uploads\/2020\/02\/logo-jpg-1.jpg","type":"image\/jpeg"}],"twitter_card":"summary_large_image","twitter_site":"@uspravno","twitter_misc":{"Est. reading time":"1 minute"},"schema":{"@context":"https:\/\/schema.org","@graph":[{"@type":"Article","@id":"https:\/\/www.czuns.org\/iskustvena-podrska\/#article","isPartOf":{"@id":"https:\/\/www.czuns.org\/iskustvena-podrska\/"},"author":{"name":"czuns","@id":"https:\/\/www.czuns.org\/#\/schema\/person\/e6a524dac9abf6dbe2a6d72ba935ba16"},"headline":"Peer counseling","datePublished":"2016-12-24T21:42:20+00:00","dateModified":"2025-08-25T10:07:20+00:00","mainEntityOfPage":{"@id":"https:\/\/www.czuns.org\/iskustvena-podrska\/"},"wordCount":46,"publisher":{"@id":"https:\/\/www.czuns.org\/#organization"},"image":{"@id":"https:\/\/www.czuns.org\/iskustvena-podrska\/#primaryimage"},"thumbnailUrl":"http:\/\/www.czuns.org\/wp-content\/uploads\/2016\/12\/ppt.png","articleSection":["Edukacija"],"inLanguage":"en-US"},{"@type":"WebPage","@id":"https:\/\/www.czuns.org\/iskustvena-podrska\/","url":"https:\/\/www.czuns.org\/iskustvena-podrska\/","name":"[:rs]Iskustvena podr\u0161ka[:en]Peer counseling[:sr]\u0418\u0441\u043a\u0443\u0441\u0442\u0432\u0435\u043d\u0430 \u043f\u043e\u0434\u0440\u0448\u043a\u0430[:] - Centre LIVING UPRIGHT Novi Sad","isPartOf":{"@id":"https:\/\/www.czuns.org\/#website"},"primaryImageOfPage":{"@id":"https:\/\/www.czuns.org\/iskustvena-podrska\/#primaryimage"},"image":{"@id":"https:\/\/www.czuns.org\/iskustvena-podrska\/#primaryimage"},"thumbnailUrl":"http:\/\/www.czuns.org\/wp-content\/uploads\/2016\/12\/ppt.png","datePublished":"2016-12-24T21:42:20+00:00","dateModified":"2025-08-25T10:07:20+00:00","breadcrumb":{"@id":"https:\/\/www.czuns.org\/iskustvena-podrska\/#breadcrumb"},"inLanguage":"en-US","potentialAction":[{"@type":"ReadAction","target":["https:\/\/www.czuns.org\/iskustvena-podrska\/"]}]},{"@type":"ImageObject","inLanguage":"en-US","@id":"https:\/\/www.czuns.org\/iskustvena-podrska\/#primaryimage","url":"http:\/\/www.czuns.org\/wp-content\/uploads\/2016\/12\/ppt.png","contentUrl":"http:\/\/www.czuns.org\/wp-content\/uploads\/2016\/12\/ppt.png"},{"@type":"BreadcrumbList","@id":"https:\/\/www.czuns.org\/iskustvena-podrska\/#breadcrumb","itemListElement":[{"@type":"ListItem","position":1,"name":"\u041f\u043e\u0447\u0435\u0442\u043d\u0430","item":"https:\/\/www.czuns.org\/"},{"@type":"ListItem","position":2,"name":"Iskustvena podr\u0161ka"}]},{"@type":"WebSite","@id":"https:\/\/www.czuns.org\/#website","url":"https:\/\/www.czuns.org\/","name":"Centar \u017diveti uspravno Novi Sad","description":"[:rs]Prete\u017ena delatnost Centra je 8899 ostali vidovi socijalne za\u0161tite bez sme\u0161taja[:en] Centre&#039;s registered predominant activity is 8899: other social services except for accommodation[:sr]\u041f\u0440\u0435\u0442\u0435\u0436\u043d\u0430 \u0434\u0435\u043b\u0430\u0442\u043d\u043e\u0441\u0442 \u0426\u0435\u043d\u0442\u0440\u0430 \u0458\u0435 \u043f\u0440\u043e\u0434\u0443\u043a\u0446\u0438\u0458\u0430 \u043c\u0435\u0434\u0438\u0458\u0441\u043a\u043e\u0433 \u0438 \u0444\u0438\u043b\u043c\u0441\u043a\u043e\u0433 \u043c\u0430\u0442\u0435\u0438\u0458\u0430\u043b\u0430 \u043e \u043f\u043e\u043b\u043e\u0436\u0430\u0458\u0443 \u043e\u0441\u043e\u0431\u0430 \u0441\u0430 \u0438\u043d\u0432\u0430\u043b\u0438\u0434\u0438\u0442\u0435\u0442\u043e\u043c \u0438 \u0433\u0440\u0430\u0452\u0430\u043d\u0441\u043a\u0438\u043c \u043f\u0440\u0430\u0432\u0438\u043c\u0430.[:]","publisher":{"@id":"https:\/\/www.czuns.org\/#organization"},"potentialAction":[{"@type":"SearchAction","target":{"@type":"EntryPoint","urlTemplate":"https:\/\/www.czuns.org\/?s={search_term_string}"},"query-input":{"@type":"PropertyValueSpecification","valueRequired":true,"valueName":"search_term_string"}}],"inLanguage":"en-US"},{"@type":"Organization","@id":"https:\/\/www.czuns.org\/#organization","name":"Centar \u017diveti uspravno Novi Sad","url":"https:\/\/www.czuns.org\/","logo":{"@type":"ImageObject","inLanguage":"en-US","@id":"https:\/\/www.czuns.org\/#\/schema\/logo\/image\/","url":"https:\/\/www.czuns.org\/wp-content\/uploads\/2020\/07\/czu_logo.png","contentUrl":"https:\/\/www.czuns.org\/wp-content\/uploads\/2020\/07\/czu_logo.png","width":871,"height":315,"caption":"Centar \u017diveti uspravno Novi Sad"},"image":{"@id":"https:\/\/www.czuns.org\/#\/schema\/logo\/image\/"},"sameAs":["https:\/\/www.facebook.com\/profile.php?id=100064645570972","https:\/\/x.com\/uspravno","https:\/\/www.instagram.com\/centar.ziveti.uspravno\/"]},{"@type":"Person","@id":"https:\/\/www.czuns.org\/#\/schema\/person\/e6a524dac9abf6dbe2a6d72ba935ba16","name":"czuns","image":{"@type":"ImageObject","inLanguage":"en-US","@id":"https:\/\/secure.gravatar.com\/avatar\/253f19539fa3a351c7d26815ac9fea49906610392f33e3508931d1c6d3f19d6d?s=96&d=mm&r=g","url":"https:\/\/secure.gravatar.com\/avatar\/253f19539fa3a351c7d26815ac9fea49906610392f33e3508931d1c6d3f19d6d?s=96&d=mm&r=g","contentUrl":"https:\/\/secure.gravatar.com\/avatar\/253f19539fa3a351c7d26815ac9fea49906610392f33e3508931d1c6d3f19d6d?s=96&d=mm&r=g","caption":"czuns"},"url":"https:\/\/www.czuns.org\/en\/author\/czuns\/"}]}},"_links":{"self":[{"href":"https:\/\/www.czuns.org\/en\/wp-json\/wp\/v2\/pages\/1576","targetHints":{"allow":["GET"]}}],"collection":[{"href":"https:\/\/www.czuns.org\/en\/wp-json\/wp\/v2\/pages"}],"about":[{"href":"https:\/\/www.czuns.org\/en\/wp-json\/wp\/v2\/types\/page"}],"author":[{"embeddable":true,"href":"https:\/\/www.czuns.org\/en\/wp-json\/wp\/v2\/users\/3"}],"replies":[{"embeddable":true,"href":"https:\/\/www.czuns.org\/en\/wp-json\/wp\/v2\/comments?post=1576"}],"version-history":[{"count":1,"href":"https:\/\/www.czuns.org\/en\/wp-json\/wp\/v2\/pages\/1576\/revisions"}],"predecessor-version":[{"id":9349,"href":"https:\/\/www.czuns.org\/en\/wp-json\/wp\/v2\/pages\/1576\/revisions\/9349"}],"wp:attachment":[{"href":"https:\/\/www.czuns.org\/en\/wp-json\/wp\/v2\/media?parent=1576"}],"wp:term":[{"taxonomy":"category","embeddable":true,"href":"https:\/\/www.czuns.org\/en\/wp-json\/wp\/v2\/categories?post=1576"},{"taxonomy":"post_tag","embeddable":true,"href":"https:\/\/www.czuns.org\/en\/wp-json\/wp\/v2\/tags?post=1576"}],"curies":[{"name":"wp","href":"https:\/\/api.w.org\/{rel}","templated":true}]}}